{"id":11993,"date":"2019-10-16T11:40:06","date_gmt":"2019-10-16T09:40:06","guid":{"rendered":"https:\/\/www.zoomfestival.org\/?page_id=11993"},"modified":"2019-10-29T17:28:59","modified_gmt":"2019-10-29T16:28:59","slug":"seccions-zoom-2019","status":"publish","type":"page","link":"https:\/\/www.zoomfestival.org\/en\/sections-zoom-2018\/seccions-zoom-2019","title":{"rendered":"Zoom 2019 Sections"},"content":{"rendered":"[vc_row][vc_column]<div class=\"vcex-spacing\" style=\"height:60px\"><\/div>[vc_column_text]\n<h1 style=\"text-align: left;\">Zoom Festival Sections<\/h1>\n[\/vc_column_text]<div class=\"vcex-spacing\" style=\"height:60px\"><\/div>[\/vc_column][\/vc_row][vc_row column_spacing=&#8221;5&#8243; gap=&#8221;5&#8243; el_id=&#8221;seccions&#8221;][vc_column width=&#8221;1\/6&#8243;]<div class=\"vcex-image vcex-module vcex-clr textcenter\"><span class=\"vcex-image-inner wpex-image-hover opacity overlay-parent overlay-parent-title-excerpt-hover overlay-ms overlay-h\"><a href=\"#seccio-oficial-2018\"><img src=\"https:\/\/www.zoomfestival.org\/wp-content\/uploads\/2018\/10\/icona-zoom-festival_0005_SECCIO-OFICIALEN.png\" data-no-retina width=\"294\" height=\"294\" \/><div class=\"overlay-title-excerpt-hover overlay-hide theme-overlay textcenter\"><div class=\"overlay-table clr\"><div class=\"overlay-table-cell clr\"><div class=\"overlay-title\"><\/div><div class=\"overlay-excerpt\">TV films and mini-series, entretainment shows, documentaries, sport programmes, and other non-fiction genres<\/div><\/div><\/div><\/div><\/a><\/span><\/div>[vc_column_text]\n<p style=\"text-align: center;\"><span style=\"font-size: 16px;\"><strong>OFFICIAL SECTION<\/strong><\/span><\/p>\n[\/vc_column_text]<div class=\"vcex-spacing\" style=\"height:20px\"><\/div>[\/vc_column][vc_column width=&#8221;1\/6&#8243;]<div class=\"vcex-image vcex-module vcex-clr textcenter\"><span class=\"vcex-image-inner wpex-image-hover opacity overlay-parent overlay-parent-title-excerpt-hover overlay-ms overlay-h\"><a href=\"#seccio-zoom-km-0-2018\"><img src=\"https:\/\/www.zoomfestival.org\/wp-content\/uploads\/2018\/10\/icona-zoom-festival_0002_SECCIO-ZOOM-KM0EN.png\" data-no-retina width=\"294\" height=\"294\" \/><div class=\"overlay-title-excerpt-hover overlay-hide theme-overlay textcenter\"><div class=\"overlay-table clr\"><div class=\"overlay-table-cell clr\"><div class=\"overlay-title\"><\/div><div class=\"overlay-excerpt\">Sections focused on Igualada-area productions.<\/div><\/div><\/div><\/div><\/a><\/span><\/div>[vc_column_text]\n<p style=\"text-align: center;\"><span style=\"font-size: 16px;\"><strong>ZOOM KM.0<\/strong> <\/span><\/p>\n[\/vc_column_text]<div class=\"vcex-spacing\" style=\"height:20px\"><\/div>[\/vc_column][vc_column width=&#8221;1\/6&#8243;]<div class=\"vcex-image vcex-module vcex-clr textcenter\"><span class=\"vcex-image-inner wpex-image-hover opacity overlay-parent overlay-parent-title-excerpt-hover overlay-ms overlay-h\"><a href=\"#seccio-zoom-kids-2018\"><img src=\"https:\/\/www.zoomfestival.org\/wp-content\/uploads\/2018\/10\/icona-zoom-festival_0001_SECCIO-ZOOM-KIDSEN.png\" data-no-retina width=\"294\" height=\"294\" \/><div class=\"overlay-title-excerpt-hover overlay-hide theme-overlay textcenter\"><div class=\"overlay-table clr\"><div class=\"overlay-table-cell clr\"><div class=\"overlay-title\"><\/div><div class=\"overlay-excerpt\">Screenings focused on local students.<\/div><\/div><\/div><\/div><\/a><\/span><\/div>[vc_column_text]\n<p style=\"text-align: center;\"><span style=\"font-size: 16px;\"><strong>ZOOM KIDS<\/strong> <\/span><\/p>\n[\/vc_column_text][\/vc_column][\/vc_row][vc_row][vc_column][vc_raw_html]JTNDc3BhbiUyMGlkJTNEJTIyc2VjY2lvLW9maWNpYWwtMjAxOCUyMiUzRSUzQyUyRnNwYW4lM0U=[\/vc_raw_html]<div class=\"vcex-spacing\" style=\"height:60px\"><\/div>[vc_column_text]\n<div class=\"et_pb_column et_pb_column_3_4 et_pb_column_1 et-last-child\">\n<div class=\"et_pb_text et_pb_module et_pb_bg_layout_light et_pb_text_align_left et_pb_text_0\">\n<div class=\"et_pb_text_inner\">\n<h1>Official Section 2019<\/h1>\n<\/div>\n<\/div>\n<\/div>\n[\/vc_column_text]<div class=\"vcex-spacing\" style=\"height:32px\"><\/div>[\/vc_column][\/vc_row][vc_row][vc_column][vc_column_text]\n<h3>Fiction<\/h3>\n[\/vc_column_text]<div class=\"vcex-spacing\" style=\"height:30px\"><\/div><div class=\"vcex-module vcex-portfolio-grid-wrap wpex-clr\"><div class=\"wpex-row vcex-portfolio-grid wpex-clr entries gap-20\" data-transition-duration=\"0.0\"><div class=\"portfolio-entry entry-has-details span_1_of_4 col col-1 post-12234 entry type-portfolio has-media cat-135 cat-119\"><div class=\"portfolio-entry-inner entry-inner wpex-clr\"><div class=\"portfolio-entry-media entry-media wpex-clr\"><a href=\"https:\/\/www.zoomfestival.org\/en\/portfolio-item\/eden\" title=\"Eden\" class=\"portfolio-entry-media-link\"><img class=\"portfolio-entry-img\" src=\"https:\/\/www.zoomfestival.org\/wp-content\/uploads\/2019\/10\/Eden_1-x.jpg\" data-no-retina \/><\/a><\/div><div class=\"portfolio-entry-details entry-details wpex-clr\"><h2 class=\"portfolio-entry-title entry-title\"><a href=\"https:\/\/www.zoomfestival.org\/en\/portfolio-item\/eden\" title=\"Eden\">Eden<\/a><\/h2><div class=\"portfolio-entry-categories entry-categories wpex-clr\"><a href=\"https:\/\/www.zoomfestival.org\/en\/portfolio-category\/ficcio-en\" title=\"Fiction\" class=\"term-135\">Fiction<\/a><\/div><div class=\"portfolio-entry-excerpt entry-excerpt wpex-clr\"><p>Pa\u00eds: Alemanya Any: 2019 G\u00e8nere: Drama Duraci\u00f3:\u00a02x50 min Idioma original: Alemany Productora: Atlantique Productions, Lupa&hellip;<\/p><\/div><\/div><\/div><\/div><div class=\"portfolio-entry entry-has-details span_1_of_4 col col-2 post-12233 entry type-portfolio has-media cat-135 cat-119\"><div class=\"portfolio-entry-inner entry-inner wpex-clr\"><div class=\"portfolio-entry-media entry-media wpex-clr\"><a href=\"https:\/\/www.zoomfestival.org\/en\/portfolio-item\/exode\" title=\"\u00c8xode\" class=\"portfolio-entry-media-link\"><img class=\"portfolio-entry-img\" src=\"https:\/\/www.zoomfestival.org\/wp-content\/uploads\/2019\/10\/Exode_1-x.jpeg\" data-no-retina \/><\/a><\/div><div class=\"portfolio-entry-details entry-details wpex-clr\"><h2 class=\"portfolio-entry-title entry-title\"><a href=\"https:\/\/www.zoomfestival.org\/en\/portfolio-item\/exode\" title=\"\u00c8xode\">\u00c8xode<\/a><\/h2><div class=\"portfolio-entry-categories entry-categories wpex-clr\"><a href=\"https:\/\/www.zoomfestival.org\/en\/portfolio-category\/ficcio-en\" title=\"Fiction\" class=\"term-135\">Fiction<\/a><\/div><div class=\"portfolio-entry-excerpt entry-excerpt wpex-clr\"><p>Pa\u00eds:\u00a0Espanya Any: 2019 G\u00e8nere: Drama Duraci\u00f3: 88 min Idioma original: Catal\u00e0 Productora: Set M\u00e0gic Audiovisual,&hellip;<\/p><\/div><\/div><\/div><\/div><div class=\"portfolio-entry entry-has-details span_1_of_4 col col-3 post-12231 entry type-portfolio has-media cat-135 cat-119\"><div class=\"portfolio-entry-inner entry-inner wpex-clr\"><div class=\"portfolio-entry-media entry-media wpex-clr\"><a href=\"https:\/\/www.zoomfestival.org\/en\/portfolio-item\/la-compagnia-del-cigno\" title=\"La Compagnia del Cigno\" class=\"portfolio-entry-media-link\"><img class=\"portfolio-entry-img\" src=\"https:\/\/www.zoomfestival.org\/wp-content\/uploads\/2019\/10\/CompagniaCigno_1-x.jpg\" data-no-retina \/><\/a><\/div><div class=\"portfolio-entry-details entry-details wpex-clr\"><h2 class=\"portfolio-entry-title entry-title\"><a href=\"https:\/\/www.zoomfestival.org\/en\/portfolio-item\/la-compagnia-del-cigno\" title=\"La Compagnia del Cigno\">La Compagnia del Cigno<\/a><\/h2><div class=\"portfolio-entry-categories entry-categories wpex-clr\"><a href=\"https:\/\/www.zoomfestival.org\/en\/portfolio-category\/ficcio-en\" title=\"Fiction\" class=\"term-135\">Fiction<\/a><\/div><div class=\"portfolio-entry-excerpt entry-excerpt wpex-clr\"><p>Pa\u00eds:\u00a0It\u00e0lia Any:\u00a02019 G\u00e8nere: Familiar Duraci\u00f3:\u00a02x50 min Idioma original: Itali\u00e0 Productora: Rai Fiction, Indigo Film Direcci\u00f3:&hellip;<\/p><\/div><\/div><\/div><\/div><div class=\"portfolio-entry entry-has-details span_1_of_4 col col-4 post-12232 entry type-portfolio has-media cat-135 cat-119\"><div class=\"portfolio-entry-inner entry-inner wpex-clr\"><div class=\"portfolio-entry-media entry-media wpex-clr\"><a href=\"https:\/\/www.zoomfestival.org\/en\/portfolio-item\/la-fossa\" title=\"La Fossa\" class=\"portfolio-entry-media-link\"><img class=\"portfolio-entry-img\" src=\"https:\/\/www.zoomfestival.org\/wp-content\/uploads\/2019\/10\/LaFossa_2-x.jpg\" data-no-retina \/><\/a><\/div><div class=\"portfolio-entry-details entry-details wpex-clr\"><h2 class=\"portfolio-entry-title entry-title\"><a href=\"https:\/\/www.zoomfestival.org\/en\/portfolio-item\/la-fossa\" title=\"La Fossa\">La Fossa<\/a><\/h2><div class=\"portfolio-entry-categories entry-categories wpex-clr\"><a href=\"https:\/\/www.zoomfestival.org\/en\/portfolio-category\/ficcio-en\" title=\"Fiction\" class=\"term-135\">Fiction<\/a><\/div><div class=\"portfolio-entry-excerpt entry-excerpt wpex-clr\"><p>Pa\u00eds:\u00a0Espanya Any:\u00a02018 G\u00e8nere: Thriller Duraci\u00f3: 2x45' Idioma original: Catal\u00e0 Productora: Bausan Films, TVC, Wise Blue&hellip;<\/p><\/div><\/div><\/div><\/div><div class=\"portfolio-entry entry-has-details span_1_of_4 col col-1 post-12230 entry type-portfolio has-media cat-135 cat-119\"><div class=\"portfolio-entry-inner entry-inner wpex-clr\"><div class=\"portfolio-entry-media entry-media wpex-clr\"><a href=\"https:\/\/www.zoomfestival.org\/en\/portfolio-item\/lope-enamorado\" title=\"Lope Enamorado\" class=\"portfolio-entry-media-link\"><img class=\"portfolio-entry-img\" src=\"https:\/\/www.zoomfestival.org\/wp-content\/uploads\/2019\/10\/Lope_1-x.jpg\" data-no-retina \/><\/a><\/div><div class=\"portfolio-entry-details entry-details wpex-clr\"><h2 class=\"portfolio-entry-title entry-title\"><a href=\"https:\/\/www.zoomfestival.org\/en\/portfolio-item\/lope-enamorado\" title=\"Lope Enamorado\">Lope Enamorado<\/a><\/h2><div class=\"portfolio-entry-categories entry-categories wpex-clr\"><a href=\"https:\/\/www.zoomfestival.org\/en\/portfolio-category\/ficcio-en\" title=\"Fiction\" class=\"term-135\">Fiction<\/a><\/div><div class=\"portfolio-entry-excerpt entry-excerpt wpex-clr\"><p>Pa\u00eds: Espanya Any: 2018 G\u00e8nere: Drama Duraci\u00f3: 100' Idioma original: Castell\u00e0 Productora: Palamont, Golmersa, RTVE&hellip;<\/p><\/div><\/div><\/div><\/div><div class=\"portfolio-entry entry-has-details span_1_of_4 col col-2 post-12229 entry type-portfolio has-media cat-135 cat-119\"><div class=\"portfolio-entry-inner entry-inner wpex-clr\"><div class=\"portfolio-entry-media entry-media wpex-clr\"><a href=\"https:\/\/www.zoomfestival.org\/en\/portfolio-item\/rufmord\" title=\"Rufmord\" class=\"portfolio-entry-media-link\"><img class=\"portfolio-entry-img\" src=\"https:\/\/www.zoomfestival.org\/wp-content\/uploads\/2019\/10\/Rufmord_2-300x300.jpg\" data-no-retina width=\"300\" height=\"300\" \/><\/a><\/div><div class=\"portfolio-entry-details entry-details wpex-clr\"><h2 class=\"portfolio-entry-title entry-title\"><a href=\"https:\/\/www.zoomfestival.org\/en\/portfolio-item\/rufmord\" title=\"Rufmord\">Rufmord<\/a><\/h2><div class=\"portfolio-entry-categories entry-categories wpex-clr\"><a href=\"https:\/\/www.zoomfestival.org\/en\/portfolio-category\/ficcio-en\" title=\"Fiction\" class=\"term-135\">Fiction<\/a><\/div><div class=\"portfolio-entry-excerpt entry-excerpt wpex-clr\"><p>Pa\u00eds:\u00a0Alemanya Any: 2018 G\u00e8nere: Thriller Duraci\u00f3: 89 min Idioma original: Alemany Productora: Hager Moss Film&hellip;<\/p><\/div><\/div><\/div><\/div><div class=\"portfolio-entry entry-has-details span_1_of_4 col col-3 post-12228 entry type-portfolio has-media cat-135 cat-119\"><div class=\"portfolio-entry-inner entry-inner wpex-clr\"><div class=\"portfolio-entry-media entry-media wpex-clr\"><a href=\"https:\/\/www.zoomfestival.org\/en\/portfolio-item\/saat-des-terrors\" title=\"Saat des Terrors\" class=\"portfolio-entry-media-link\"><img class=\"portfolio-entry-img\" src=\"https:\/\/www.zoomfestival.org\/wp-content\/uploads\/2019\/10\/Saat_des_Terrors_2-x.jpg\" data-no-retina \/><\/a><\/div><div class=\"portfolio-entry-details entry-details wpex-clr\"><h2 class=\"portfolio-entry-title entry-title\"><a href=\"https:\/\/www.zoomfestival.org\/en\/portfolio-item\/saat-des-terrors\" title=\"Saat des Terrors\">Saat des Terrors<\/a><\/h2><div class=\"portfolio-entry-categories entry-categories wpex-clr\"><a href=\"https:\/\/www.zoomfestival.org\/en\/portfolio-category\/ficcio-en\" title=\"Fiction\" class=\"term-135\">Fiction<\/a><\/div><div class=\"portfolio-entry-excerpt entry-excerpt wpex-clr\"><p>Pa\u00eds:\u00a0Alemanya Any:\u00a02018 G\u00e8nere: Thriller Duraci\u00f3: 90' Idioma original: Alemany Productora: Diwafilm, S\u00fcdwestrundfunk Direcci\u00f3: Daniel Harrich&hellip;<\/p><\/div><\/div><\/div><\/div><div class=\"portfolio-entry entry-has-details span_1_of_4 col col-4 post-12223 entry type-portfolio has-media cat-135 cat-119\"><div class=\"portfolio-entry-inner entry-inner wpex-clr\"><div class=\"portfolio-entry-media entry-media wpex-clr\"><a href=\"https:\/\/www.zoomfestival.org\/en\/portfolio-item\/try\" title=\"Try\" class=\"portfolio-entry-media-link\"><img class=\"portfolio-entry-img\" src=\"https:\/\/www.zoomfestival.org\/wp-content\/uploads\/2019\/10\/try3-x.jpg\" data-no-retina \/><\/a><\/div><div class=\"portfolio-entry-details entry-details wpex-clr\"><h2 class=\"portfolio-entry-title entry-title\"><a href=\"https:\/\/www.zoomfestival.org\/en\/portfolio-item\/try\" title=\"Try\">Try<\/a><\/h2><div class=\"portfolio-entry-categories entry-categories wpex-clr\"><a href=\"https:\/\/www.zoomfestival.org\/en\/portfolio-category\/ficcio-en\" title=\"Fiction\" class=\"term-135\">Fiction<\/a><\/div><div class=\"portfolio-entry-excerpt entry-excerpt wpex-clr\"><p>Pa\u00eds:\u00a0Espanya Any:\u00a02018 G\u00e8nere: Drama Duraci\u00f3: 90 min Idioma original: Angl\u00e8s, Castell\u00e0 Productora: TVCO Direcci\u00f3: \u00c1ngel&hellip;<\/p><\/div><\/div><\/div><\/div><\/div><\/div><div class=\"vcex-spacing\" style=\"height:60px\"><\/div>[\/vc_column][\/vc_row][vc_row][vc_column][vc_column_text]\n<h3>Entertainment<\/h3>\n[\/vc_column_text]<div class=\"vcex-spacing\" style=\"height:30px\"><\/div><div class=\"vcex-spacing\" style=\"height:60px\"><\/div>[\/vc_column][\/vc_row][vc_row][vc_column][vc_column_text]\n<h3>Cultural<\/h3>\n[\/vc_column_text]<div class=\"vcex-spacing\" style=\"height:30px\"><\/div><div class=\"vcex-spacing\" style=\"height:60px\"><\/div>[\/vc_column][\/vc_row][vc_row][vc_column][vc_column_text]\n<h3>Information<\/h3>\n[\/vc_column_text]<div class=\"vcex-spacing\" style=\"height:30px\"><\/div><div class=\"vcex-spacing\" style=\"height:60px\"><\/div>[\/vc_column][\/vc_row][vc_row][vc_column][vc_column_text]\n<h3>Sports<\/h3>\n[\/vc_column_text]<div class=\"vcex-spacing\" style=\"height:30px\"><\/div><div class=\"vcex-spacing\" style=\"height:60px\"><\/div>[\/vc_column][\/vc_row][vc_row][vc_column][vc_raw_html]JTNDc3BhbiUyMGlkJTNEJTIyc2VjY2lvLXpvb20ta20tMC0yMDE4JTIyJTNFJTNDJTJGc3BhbiUzRQ==[\/vc_raw_html]<div class=\"vcex-spacing\" style=\"height:60px\"><\/div>[vc_column_text]\n<div class=\"et_pb_column et_pb_column_3_4 et_pb_column_1 et-last-child\">\n<div class=\"et_pb_text et_pb_module et_pb_bg_layout_light et_pb_text_align_left et_pb_text_0\">\n<div class=\"et_pb_text_inner\">\n<h1>Zoom KM.0 2019<\/h1>\n<\/div>\n<\/div>\n<\/div>\n[\/vc_column_text]<div class=\"vcex-spacing\" style=\"height:32px\"><\/div>[\/vc_column][\/vc_row][vc_row][vc_column]<div class=\"vcex-spacing\" style=\"height:30px\"><\/div><div class=\"vcex-spacing\" style=\"height:60px\"><\/div>[\/vc_column][\/vc_row][vc_row][vc_column][vc_raw_html]JTNDc3BhbiUyMGlkJTNEJTIyc2VjY2lvLXpvb20ta2lkcy0yMDE4JTIyJTNFJTNDJTJGc3BhbiUzRQ==[\/vc_raw_html]<div class=\"vcex-spacing\" style=\"height:60px\"><\/div>[vc_column_text]\n<div class=\"et_pb_column et_pb_column_3_4 et_pb_column_1 et-last-child\">\n<div class=\"et_pb_text et_pb_module et_pb_bg_layout_light et_pb_text_align_left et_pb_text_0\">\n<div class=\"et_pb_text_inner\">\n<h1>Zoom Kids 2019<\/h1>\n<\/div>\n<\/div>\n<\/div>\n[\/vc_column_text]<div class=\"vcex-spacing\" style=\"height:32px\"><\/div>[\/vc_column][\/vc_row][vc_row][vc_column]<div class=\"vcex-spacing\" style=\"height:30px\"><\/div><div class=\"vcex-spacing\" style=\"height:60px\"><\/div>[\/vc_column][\/vc_row][vc_row full_width=&#8221;stretch_row_content_no_spaces&#8221;][vc_column]<div class=\"vcex-spacing\" style=\"height:30px\"><\/div>[vc_separator][\/vc_column][\/vc_row]\n","protected":false},"excerpt":{"rendered":"<p>[vc_row][vc_column][vc_column_text] Zoom Festival Sections [\/vc_column_text][\/vc_column][\/vc_row][vc_row column_spacing=&#8221;5&#8243; gap=&#8221;5&#8243; el_id=&#8221;seccions&#8221;][vc_column width=&#8221;1\/6&#8243;][vc_column_text] OFFICIAL SECTION [\/vc_column_text][\/vc_column][vc_column width=&#8221;1\/6&#8243;][vc_column_text] ZOOM KM.0 [\/vc_column_text][\/vc_column][vc_column width=&#8221;1\/6&#8243;][vc_column_text] ZOOM KIDS [\/vc_column_text][\/vc_column][\/vc_row][vc_row][vc_column][vc_raw_html]JTNDc3BhbiUyMGlkJTNEJTIyc2VjY2lvLW9maWNpYWwtMjAxOCUyMiUzRSUzQyUyRnNwYW4lM0U=[\/vc_raw_html][vc_column_text] Official Section 2019 [\/vc_column_text][\/vc_column][\/vc_row][vc_row][vc_column][vc_column_text] Fiction [\/vc_column_text][\/vc_column][\/vc_row][vc_row][vc_column][vc_column_text] Entertainment [\/vc_column_text][\/vc_column][\/vc_row][vc_row][vc_column][vc_column_text] Cultural [\/vc_column_text][\/vc_column][\/vc_row][vc_row][vc_column][vc_column_text] Information [\/vc_column_text][\/vc_column][\/vc_row][vc_row][vc_column][vc_column_text] Sports [\/vc_column_text][\/vc_column][\/vc_row][vc_row][vc_column][vc_raw_html]JTNDc3BhbiUyMGlkJTNEJTIyc2VjY2lvLXpvb20ta20tMC0yMDE4JTIyJTNFJTNDJTJGc3BhbiUzRQ==[\/vc_raw_html][vc_column_text] Zoom KM.0 2019 [\/vc_column_text][\/vc_column][\/vc_row][vc_row][vc_column][\/vc_column][\/vc_row][vc_row][vc_column][vc_raw_html]JTNDc3BhbiUyMGlkJTNEJTIyc2VjY2lvLXpvb20ta2lkcy0yMDE4JTIyJTNFJTNDJTJGc3BhbiUzRQ==[\/vc_raw_html][vc_column_text] Zoom Kids&hellip;<\/p>\n","protected":false},"author":7,"featured_media":0,"parent":9572,"menu_order":0,"comment_status":"closed","ping_status":"closed","template":"templates\/no-sidebar.php","meta":{"_mi_skip_tracking":false},"_links":{"self":[{"href":"https:\/\/www.zoomfestival.org\/en\/wp-json\/wp\/v2\/pages\/11993"}],"collection":[{"href":"https:\/\/www.zoomfestival.org\/en\/wp-json\/wp\/v2\/pages"}],"about":[{"href":"https:\/\/www.zoomfestival.org\/en\/wp-json\/wp\/v2\/types\/page"}],"author":[{"embeddable":true,"href":"https:\/\/www.zoomfestival.org\/en\/wp-json\/wp\/v2\/users\/7"}],"replies":[{"embeddable":true,"href":"https:\/\/www.zoomfestival.org\/en\/wp-json\/wp\/v2\/comments?post=11993"}],"version-history":[{"count":9,"href":"https:\/\/www.zoomfestival.org\/en\/wp-json\/wp\/v2\/pages\/11993\/revisions"}],"predecessor-version":[{"id":12235,"href":"https:\/\/www.zoomfestival.org\/en\/wp-json\/wp\/v2\/pages\/11993\/revisions\/12235"}],"up":[{"embeddable":true,"href":"https:\/\/www.zoomfestival.org\/en\/wp-json\/wp\/v2\/pages\/9572"}],"wp:attachment":[{"href":"https:\/\/www.zoomfestival.org\/en\/wp-json\/wp\/v2\/media?parent=11993"}],"curies":[{"name":"wp","href":"https:\/\/api.w.org\/{rel}","templated":true}]}}