{"id":9092,"date":"2018-07-10T15:22:47","date_gmt":"2018-07-10T13:22:47","guid":{"rendered":"https:\/\/www.zoomfestival.org\/el-festival\/equip\/"},"modified":"2024-10-30T16:08:16","modified_gmt":"2024-10-30T15:08:16","slug":"team","status":"publish","type":"page","link":"https:\/\/www.zoomfestival.org\/en\/el-festival\/team","title":{"rendered":"Team"},"content":{"rendered":"[vc_row][vc_column]<div class=\"vcex-spacing\" style=\"height:30px\"><\/div>[vc_column_text]\n<h1 style=\"text-align: center;\">Team<\/h1>\n[\/vc_column_text]<div class=\"vcex-spacing\" style=\"height:30px\"><\/div>[\/vc_column][\/vc_row][vc_row][vc_column width=&#8221;1\/4&#8243;][vc_single_image image=&#8221;344&#8243;][\/vc_column][vc_column width=&#8221;3\/4&#8243;][vc_column_text]\n<div><strong>Codirectors<\/strong>: Anna Cervera and Jordi Comellas<\/div>\n<div><strong>Production<\/strong>: J\u00falia G. Cabanes and Miti Vendrell<\/div>\n<div><strong>Protocol and Public Relations<\/strong>: Cl\u00e0udia Gay Lachner and Tina Mart\u00ed<\/div>\n<div><strong>Creative Director:<\/strong> Pep Valls (Evvo)<\/div>\n<div><strong>Ateneu Igualad\u00ed Coordination<\/strong>: Anna Baldom\u00e0<\/div>\n<div><strong>Media, Press &#038; Social Networks<\/strong>: Lidera Comunicaci\u00f3<\/div>\n<div><strong>Closing Ceremony Coordinator<\/strong>: Anna Cervera and J\u00falia G. Cabanes<\/div>\n<div><strong>Closing Ceremony Script<\/strong>: Anna Cervera<\/div>\n<div><strong>Closing Ceremony Presentation<\/strong>: Lluci\u00e0 Ferrer<\/div>\n<div><strong>Photography<\/strong>: Marc Vila<\/div>\n<div><strong>Musicians<\/strong>: The Serial Medlers<\/div>\n<div><strong>Showcase:<\/strong>\u00a0Serielizados and Zoom Awards<\/div>\n<p>\n[\/vc_column_text]<div class=\"vcex-spacing\" style=\"height:50px\"><\/div>[\/vc_column][\/vc_row][vc_row full_width=&#8221;stretch_row_content_no_spaces&#8221;][vc_column][vc_single_image image=&#8221;1061&#8243;][\/vc_column][\/vc_row]\n","protected":false},"excerpt":{"rendered":"<p>[vc_row][vc_column][vc_column_text] Team [\/vc_column_text][\/vc_column][\/vc_row][vc_row][vc_column width=&#8221;1\/4&#8243;][vc_single_image image=&#8221;344&#8243;][\/vc_column][vc_column width=&#8221;3\/4&#8243;][vc_column_text] Codirectors: Anna Cervera and Jordi Comellas Production: J\u00falia G. Cabanes and Miti Vendrell Protocol and Public Relations: Cl\u00e0udia Gay Lachner and Tina Mart\u00ed Creative Director: Pep Valls (Evvo) Ateneu Igualad\u00ed Coordination: Anna Baldom\u00e0 Media,&hellip;<\/p>\n","protected":false},"author":2,"featured_media":0,"parent":9066,"menu_order":0,"comment_status":"closed","ping_status":"closed","template":"templates\/no-sidebar.php","meta":{"_mi_skip_tracking":false},"_links":{"self":[{"href":"https:\/\/www.zoomfestival.org\/en\/wp-json\/wp\/v2\/pages\/9092"}],"collection":[{"href":"https:\/\/www.zoomfestival.org\/en\/wp-json\/wp\/v2\/pages"}],"about":[{"href":"https:\/\/www.zoomfestival.org\/en\/wp-json\/wp\/v2\/types\/page"}],"author":[{"embeddable":true,"href":"https:\/\/www.zoomfestival.org\/en\/wp-json\/wp\/v2\/users\/2"}],"replies":[{"embeddable":true,"href":"https:\/\/www.zoomfestival.org\/en\/wp-json\/wp\/v2\/comments?post=9092"}],"version-history":[{"count":21,"href":"https:\/\/www.zoomfestival.org\/en\/wp-json\/wp\/v2\/pages\/9092\/revisions"}],"predecessor-version":[{"id":24567,"href":"https:\/\/www.zoomfestival.org\/en\/wp-json\/wp\/v2\/pages\/9092\/revisions\/24567"}],"up":[{"embeddable":true,"href":"https:\/\/www.zoomfestival.org\/en\/wp-json\/wp\/v2\/pages\/9066"}],"wp:attachment":[{"href":"https:\/\/www.zoomfestival.org\/en\/wp-json\/wp\/v2\/media?parent=9092"}],"curies":[{"name":"wp","href":"https:\/\/api.w.org\/{rel}","templated":true}]}}