{"id":9096,"date":"2018-07-09T09:36:22","date_gmt":"2018-07-09T07:36:22","guid":{"rendered":"https:\/\/www.zoomfestival.org\/premis-i-jurat\/"},"modified":"2024-10-24T12:37:04","modified_gmt":"2024-10-24T10:37:04","slug":"awards-and-jury","status":"publish","type":"page","link":"https:\/\/www.zoomfestival.org\/en\/awards-and-jury","title":{"rendered":"Awards and Jury"},"content":{"rendered":"[vc_row][vc_column]<div class=\"vcex-spacing\" style=\"height:30px\"><\/div>[vc_column_text]\n<h1 style=\"text-align: center;\">Zoom 2024 Jury<\/h1>\n<p>\n[\/vc_column_text][\/vc_column][\/vc_row][vc_row][vc_column]<div class=\"vcex-spacing\" style=\"height:30px\"><\/div><div class=\"vcex-module vcex-staff-grid-wrap clr\"><ul class=\"vcex-staff-filter vcex-filter-links clr center\"><li class=\"active\"><a href=\"#\" data-filter=\"*\" class=\"theme-button minimal-border\"><span>All<\/span><\/a><\/li><li class=\"filter-cat-228\"><a href=\"#\" data-filter=\".cat-228\" class=\"theme-button minimal-border\">ENTERTAINMENT&amp;SPORTS JURY<\/a><\/li><li class=\"filter-cat-231\"><a href=\"#\" data-filter=\".cat-231\" class=\"theme-button minimal-border\">EQUALITY JURY<\/a><\/li><li class=\"filter-cat-63\"><a href=\"#\" data-filter=\".cat-63\" class=\"theme-button minimal-border\">FICTION JURY<\/a><\/li><\/ul><div class=\"wpex-row vcex-staff-grid entries wpex-clr vcex-isotope-grid\"><div class=\"staff-entry span_1_of_4 col col-1 vcex-isotope-entry post-13184 entry type-staff has-media cat-63 translation_priority-255\"><div class=\"staff-entry-inner entry-inner clr\"><div class=\"staff-entry-media entry-media wpex-clr overlay-parent overlay-parent-title-excerpt-hover overlay-ms overlay-h\"><img width=\"300\" height=\"300\" src=\"https:\/\/www.zoomfestival.org\/wp-content\/uploads\/2019\/11\/Jaume-Santacana.jpg\" class=\"attachment-full size-full\" alt=\"\" loading=\"lazy\" data-no-lazy=\"1\" srcset=\"https:\/\/www.zoomfestival.org\/wp-content\/uploads\/2019\/11\/Jaume-Santacana.jpg 300w, https:\/\/www.zoomfestival.org\/wp-content\/uploads\/2019\/11\/Jaume-Santacana-150x150.jpg 150w, https:\/\/www.zoomfestival.org\/wp-content\/uploads\/2019\/11\/Jaume-Santacana-125x125.jpg 125w\" sizes=\"(max-width: 300px) 100vw, 300px\" \/><\/div><div class=\"staff-entry-details entry-details wpex-clr\"><h4 class=\"staff-entry-title entry-title\">Jaume Santacana<\/h4><div class=\"staff-entry-excerpt entry-excerpt wpex-clr\"><p>TV director and executive producer. Graduated in the history of art, he began his career in Radio Television of Belgium in 1968 with children's and entertainment programs. He participates as an assistant director in films directed by Imanol Uribe, Pedro Mas\u00f3 or Bigas Luna. He lives the beginnings TV3 and Channel 33 as a producer of more than 200 programs, and since 1986, as a program manager. Director of IB3, Balearic Islands TV. He is an executive producer of television fictions such as La Lola, \u201cEl tr\u00e0nsfuga\u201d o \u201cFals culpable\u201d.<\/p><\/div><\/div><\/div><\/div><div class=\"staff-entry span_1_of_4 col col-2 vcex-isotope-entry post-18418 entry type-staff has-media cat-231 translation_priority-255\"><div class=\"staff-entry-inner entry-inner clr\"><div class=\"staff-entry-media entry-media wpex-clr overlay-parent overlay-parent-title-excerpt-hover overlay-ms overlay-h\"><img width=\"300\" height=\"300\" src=\"https:\/\/www.zoomfestival.org\/wp-content\/uploads\/2021\/11\/Rosa-Montes.jpg\" class=\"attachment-full size-full\" alt=\"\" loading=\"lazy\" data-no-lazy=\"1\" srcset=\"https:\/\/www.zoomfestival.org\/wp-content\/uploads\/2021\/11\/Rosa-Montes.jpg 300w, https:\/\/www.zoomfestival.org\/wp-content\/uploads\/2021\/11\/Rosa-Montes-150x150.jpg 150w, https:\/\/www.zoomfestival.org\/wp-content\/uploads\/2021\/11\/Rosa-Montes-125x125.jpg 125w\" sizes=\"(max-width: 300px) 100vw, 300px\" \/><\/div><div class=\"staff-entry-details entry-details wpex-clr\"><h4 class=\"staff-entry-title entry-title\">Rosa Montes<\/h4><div class=\"staff-entry-excerpt entry-excerpt wpex-clr\"><p>Rosa Montes (M\u00e1laga - Barcelona) studied Fashion Design at Llotja and started as a wardrobe assistant under Mar\u00eda Araujo, a film and theater costume designer. After more than seven years collaborating with her, she began her career as a costume designer in advertising and cinema, working with directors like Ventura Pons, Pablo Cosco, and Angelo Orlando, among others. She furthered her studies in stage management at TTE, moving into audiovisual production where she worked on documentaries like \u201cRovira Beleta. Cr\u00f2nica pendent,\u201d \u201cSer\u00e1s hombre,\u201d and TV programs such as \u201cSom Revoluci\u00f3,\u201d \u201cTab\u00fas\u201d (produced by El Terrat for TV3), and \u201cEntre Ovejas\u201d (RTVE). As a producer, she has worked on various short films, movies, and series, including \u201cSocietat Negra\u201d by Segarra Films, \u201cCharles Thoma,\u201d \u201cL'\u00faltima nit del Karaoke\u201d by El Terrat, \u201cEl mismo d\u00eda a la misma hora,\u201d \u201cGrayer,\u201d \u201cEsperando a Dal\u00ed\u201d by Fishcorb, and \u201cBajo la piel de lobo\u201d by Orreaga Filmark. She also collaborated with The Panda Bear Show on music videos such as 'In memoriam' by Nach and Kany Garc\u00eda, \u201cCarita Triste\u201d by Ana Mena & Emilia, and Manuel Turizo, among others. She is currently working as a Production Director for La Manchester.<\/p><\/div><\/div><\/div><\/div><div class=\"staff-entry span_1_of_4 col col-3 vcex-isotope-entry post-16489 entry type-staff has-media cat-228 translation_priority-255\"><div class=\"staff-entry-inner entry-inner clr\"><div class=\"staff-entry-media entry-media wpex-clr overlay-parent overlay-parent-title-excerpt-hover overlay-ms overlay-h\"><img width=\"300\" height=\"300\" src=\"https:\/\/www.zoomfestival.org\/wp-content\/uploads\/2020\/11\/Arnau_Quiles.jpg\" class=\"attachment-full size-full\" alt=\"\" loading=\"lazy\" data-no-lazy=\"1\" srcset=\"https:\/\/www.zoomfestival.org\/wp-content\/uploads\/2020\/11\/Arnau_Quiles.jpg 300w, https:\/\/www.zoomfestival.org\/wp-content\/uploads\/2020\/11\/Arnau_Quiles-150x150.jpg 150w, https:\/\/www.zoomfestival.org\/wp-content\/uploads\/2020\/11\/Arnau_Quiles-125x125.jpg 125w\" sizes=\"(max-width: 300px) 100vw, 300px\" \/><\/div><div class=\"staff-entry-details entry-details wpex-clr\"><h4 class=\"staff-entry-title entry-title\">Arnau Quiles<\/h4><div class=\"staff-entry-excerpt entry-excerpt wpex-clr\"><p>Editor of the animated feature films Chico & Rita (2010) and They Shot the Piano Player (2023) by Fernando Trueba and Javier Mariscal; the documentaries Primera Mirada (2001) by Marta Andreu, A. Visualist (2011) by Jimmy Howe, Al Margen (2000) by Guillem L\u00f3pez; the short films La Mem\u00f2ria (1998) by Marta Andreu, Al final del riu (1999) by Agust\u00ed Gifr\u00e9; and video installations like Seoul Close-Up (2011-2012) by Jaume Plensa. He also worked on the animated sequences of I'm So Excited! (2013) by Pedro Almod\u00f3var and Isi\/Disi. Love to the Limit (2004) by Chema de la Pe\u00f1a. He was the editing and postproduction supervisor for the collective feature film Between the Dictator and Me (2005). He has collaborated on numerous audiovisual projects for Estudio Mariscal and Estudio Playtime. He holds a degree in Film and Audiovisuals from ESCAC, University of Barcelona, and a Master's in Digital and Multimedia Arts from Pompeu Fabra University. Currently, he is an associate professor in Audiovisual Communication, Journalism, and Advertising at Universitat Rovira i Virgili in Tarragona.<\/p><\/div><\/div><\/div><\/div><div class=\"staff-entry span_1_of_4 col col-4 vcex-isotope-entry post-19684 entry type-staff has-media cat-231 translation_priority-255\"><div class=\"staff-entry-inner entry-inner clr\"><div class=\"staff-entry-media entry-media wpex-clr overlay-parent overlay-parent-title-excerpt-hover overlay-ms overlay-h\"><img width=\"300\" height=\"300\" src=\"https:\/\/www.zoomfestival.org\/wp-content\/uploads\/2021\/11\/Olga.jpg\" class=\"attachment-full size-full\" alt=\"\" loading=\"lazy\" data-no-lazy=\"1\" srcset=\"https:\/\/www.zoomfestival.org\/wp-content\/uploads\/2021\/11\/Olga.jpg 300w, https:\/\/www.zoomfestival.org\/wp-content\/uploads\/2021\/11\/Olga-150x150.jpg 150w, https:\/\/www.zoomfestival.org\/wp-content\/uploads\/2021\/11\/Olga-125x125.jpg 125w\" sizes=\"(max-width: 300px) 100vw, 300px\" \/><\/div><div class=\"staff-entry-details entry-details wpex-clr\"><h4 class=\"staff-entry-title entry-title\">Olga Fibla<\/h4><div class=\"staff-entry-excerpt entry-excerpt wpex-clr\"><p>I\u2019m Olga Fibla, born in La R\u00e0pita, Terres de l'Ebre. Professionally, I come from a long career in the performing arts, with live show direction being my main focus. Over the years, like life itself, I have changed and adapted to new ways of working and doing things, eventually transitioning to the world of production. In the audiovisual production field, I work across TV, film, and documentaries. However, my main passion and where I dedicate most of my time is the Euf\u00f2nic Festivals of Sound and Visual Arts in Terres de l'Ebre, and also the DA Film Festival in Barcelona.<\/p><\/div><\/div><\/div><\/div><div class=\"staff-entry span_1_of_4 col col-1 vcex-isotope-entry post-18414 entry type-staff has-media cat-231 translation_priority-255\"><div class=\"staff-entry-inner entry-inner clr\"><div class=\"staff-entry-media entry-media wpex-clr overlay-parent overlay-parent-title-excerpt-hover overlay-ms overlay-h\"><img width=\"300\" height=\"300\" src=\"https:\/\/www.zoomfestival.org\/wp-content\/uploads\/2021\/11\/Elisa-Bogalheiro.jpeg\" class=\"attachment-full size-full\" alt=\"\" loading=\"lazy\" data-no-lazy=\"1\" srcset=\"https:\/\/www.zoomfestival.org\/wp-content\/uploads\/2021\/11\/Elisa-Bogalheiro.jpeg 300w, https:\/\/www.zoomfestival.org\/wp-content\/uploads\/2021\/11\/Elisa-Bogalheiro-150x150.jpeg 150w, https:\/\/www.zoomfestival.org\/wp-content\/uploads\/2021\/11\/Elisa-Bogalheiro-125x125.jpeg 125w\" sizes=\"(max-width: 300px) 100vw, 300px\" \/><\/div><div class=\"staff-entry-details entry-details wpex-clr\"><h4 class=\"staff-entry-title entry-title\">Elisa Bogalheiro<\/h4><div class=\"staff-entry-excerpt entry-excerpt wpex-clr\"><p>Elisa Bogalheiro (1978, Covilh\u00e3 - Portugal) is a producer, director, and creative project manager with an international career spanning Portugal, Berlin, Panama, and Barcelona. After moving to Berlin in 2002 to complete her studies in German Philology, she discovered her passion for storytelling, leading her to work as a journalist and producer for Latin American audiovisual media. Later, she moved to Panama, working in TV entertainment for two years, before returning to Portugal in 2012, where she focused on executive production and audiovisual project development. She debuted as a director in 2020 with the documentary Os grandes criadores, having previously produced a variety of audiovisual works. Her executive productions include short films like Holypopcorn (2013), Jigging (2014), O Efeito Isa\u00edas (2015), Quiet (2022), and feature films such as O Canto do Galo (2017). Additionally, she served as head of production for Carga (2018) and El Rey Peret (2023) and was the delegate producer for Waiting for Dal\u00ed (2021) in collaboration with Arlong Productions. Her first international co-production as an executive producer, \u00c0 procura da Estrela, premiered at the Porto Post Doc Film Festival and the Gij\u00f3n International Film Festival. Currently, she is directing a documentary on women's soccer and works as an executive producer on various international co-productions in development, including Los D\u00e9biles, Kokoro, As Bruxas, and Maria, a rainha louca, strengthening her commitment to authentic storytelling and consolidating her career in the audiovisual landscape.<\/p><\/div><\/div><\/div><\/div><\/div><\/div>[\/vc_column][\/vc_row][vc_row css=&#8221;.vc_custom_1535104201450{padding-top: 20px !important;}&#8221;][vc_column]<div class=\"vcex-spacing\" style=\"height:30px\"><\/div>[vc_separator color=&#8221;black&#8221;]<div class=\"vcex-spacing\" style=\"height:30px\"><\/div>[\/vc_column][\/vc_row][vc_row][vc_column]<div class=\"vcex-spacing\" style=\"height:30px\"><\/div>[vc_column_text]\n<h1 style=\"text-align: center;\">Zoom 2024 Awards<\/h1>\n<p>\n[\/vc_column_text][\/vc_column][\/vc_row][vc_row][vc_column width=&#8221;1\/6&#8243;][\/vc_column][vc_column width=&#8221;2\/3&#8243;][vc_column_text]\n<h2 style=\"text-align: center; line-height: 24px !important; font-weight: lighter;\"><span class=\"text-highlight\" style=\"font-size: 22px; color: #000000;\">The winners will be announced during the Gala on the 23rd of November 2024.<\/span><\/h2>\n<p>\n[\/vc_column_text][\/vc_column][vc_column width=&#8221;1\/6&#8243;][\/vc_column][\/vc_row][vc_row][vc_column][vc_column_text]\n<h3 style=\"text-align: center;\">Official Jury Awards<\/h3>\n[\/vc_column_text][vc_column_text text_align=&#8221;center&#8221; css=&#8221;.vc_custom_1729766178443{padding-top: 10px !important;}&#8221;]\n<p><strong>Best Fiction (Tv-Movie)<\/strong><\/p>\n<p><strong>Best Fiction (series)<\/strong><\/p>\n<p><strong>Best Entertainment Program<\/strong><\/p>\n<p><strong> Best Information Program<\/strong><\/p>\n<p><strong>Best Sports Program<\/strong><\/p>\n<p><strong>Best Cultural Program<\/strong>[\/vc_column_text][vc_column_text text_align=&#8221;center&#8221;]\n<h3 style=\"text-align: center;\">D.O Catalunya Award<\/h3>\n<p style=\"text-align: center; margin-top: -20px !important;\">Best Catalan Program<\/p>\n[\/vc_column_text][vc_column_text text_align=&#8221;center&#8221;]\n<h3 style=\"text-align: center;\">Zoom Honour Awards<\/h3>\n[\/vc_column_text][vc_column_text text_align=&#8221;center&#8221;]\n<h3 style=\"text-align: center;\">Fiction Pilots Showcase Award<\/h3>\n<p style=\"text-align: center; margin-top: -20px !important;\">Jury award, Audience award<\/p>\n[\/vc_column_text][vc_column_text text_align=&#8221;center&#8221;]\n<h3 style=\"text-align: center;\">CIMA Award<\/h3>\n[\/vc_column_text][\/vc_column][\/vc_row][vc_row full_width=&#8221;stretch_row_content_no_spaces&#8221;][vc_column]<div class=\"vcex-spacing\" style=\"height:30px\"><\/div><div class=\"vcex-spacing\" style=\"height:30px\"><\/div>[vc_separator color=&#8221;black&#8221;][\/vc_column][\/vc_row]\n","protected":false},"excerpt":{"rendered":"<p>[vc_row][vc_column][vc_column_text] Zoom 2024 Jury [\/vc_column_text][\/vc_column][\/vc_row][vc_row][vc_column][\/vc_column][\/vc_row][vc_row css=&#8221;.vc_custom_1535104201450{padding-top: 20px !important;}&#8221;][vc_column][vc_separator color=&#8221;black&#8221;][\/vc_column][\/vc_row][vc_row][vc_column][vc_column_text] Zoom 2024 Awards [\/vc_column_text][\/vc_column][\/vc_row][vc_row][vc_column width=&#8221;1\/6&#8243;][\/vc_column][vc_column width=&#8221;2\/3&#8243;][vc_column_text] The winners will be announced during the Gala on the 23rd of November 2024. [\/vc_column_text][\/vc_column][vc_column width=&#8221;1\/6&#8243;][\/vc_column][\/vc_row][vc_row][vc_column][vc_column_text] Official Jury Awards [\/vc_column_text][vc_column_text text_align=&#8221;center&#8221; css=&#8221;.vc_custom_1729766178443{padding-top: 10px !important;}&#8221;] Best&hellip;<\/p>\n","protected":false},"author":2,"featured_media":0,"parent":0,"menu_order":0,"comment_status":"closed","ping_status":"closed","template":"templates\/no-sidebar.php","meta":{"_mi_skip_tracking":false},"_links":{"self":[{"href":"https:\/\/www.zoomfestival.org\/en\/wp-json\/wp\/v2\/pages\/9096"}],"collection":[{"href":"https:\/\/www.zoomfestival.org\/en\/wp-json\/wp\/v2\/pages"}],"about":[{"href":"https:\/\/www.zoomfestival.org\/en\/wp-json\/wp\/v2\/types\/page"}],"author":[{"embeddable":true,"href":"https:\/\/www.zoomfestival.org\/en\/wp-json\/wp\/v2\/users\/2"}],"replies":[{"embeddable":true,"href":"https:\/\/www.zoomfestival.org\/en\/wp-json\/wp\/v2\/comments?post=9096"}],"version-history":[{"count":20,"href":"https:\/\/www.zoomfestival.org\/en\/wp-json\/wp\/v2\/pages\/9096\/revisions"}],"predecessor-version":[{"id":23834,"href":"https:\/\/www.zoomfestival.org\/en\/wp-json\/wp\/v2\/pages\/9096\/revisions\/23834"}],"wp:attachment":[{"href":"https:\/\/www.zoomfestival.org\/en\/wp-json\/wp\/v2\/media?parent=9096"}],"curies":[{"name":"wp","href":"https:\/\/api.w.org\/{rel}","templated":true}]}}