{"id":11994,"date":"2019-10-16T11:33:31","date_gmt":"2019-10-16T09:33:31","guid":{"rendered":"https:\/\/www.zoomfestival.org\/?page_id=11994"},"modified":"2019-10-25T13:56:36","modified_gmt":"2019-10-25T11:56:36","slug":"seccions-zoom-2019","status":"publish","type":"page","link":"https:\/\/www.zoomfestival.org\/es\/secciones\/seccions-zoom-2019","title":{"rendered":"SECCIONES ZOOM 2019"},"content":{"rendered":"[vc_row][vc_column]<div class=\"vcex-spacing\" style=\"height:60px\"><\/div>[vc_column_text]\n<h1 style=\"text-align: left;\">Secciones Zoom Festival<\/h1>\n[\/vc_column_text]<div class=\"vcex-spacing\" style=\"height:60px\"><\/div>[\/vc_column][\/vc_row][vc_row column_spacing=\u00bb5&#8243; gap=\u00bb5&#8243; el_id=\u00bbseccions\u00bb][vc_column width=\u00bb1\/6&#8243;]<div class=\"vcex-image vcex-module vcex-clr textcenter\"><span class=\"vcex-image-inner wpex-image-hover opacity overlay-parent overlay-parent-title-excerpt-hover overlay-ms overlay-h\"><a href=\"#seccio-oficial-2018\"><img src=\"https:\/\/www.zoomfestival.org\/wp-content\/uploads\/2018\/10\/icona-zoom-festival_0005_SECCIO-OFICIALESP.png\" data-no-retina width=\"294\" height=\"294\" \/><div class=\"overlay-title-excerpt-hover overlay-hide theme-overlay textcenter\"><div class=\"overlay-table clr\"><div class=\"overlay-table-cell clr\"><div class=\"overlay-title\"><\/div><div class=\"overlay-excerpt\">Ficci\u00f3n, programas de Entretenimiento, Deportivos, Culturales y Divulgativos e Informativos.<\/div><\/div><\/div><\/div><\/a><\/span><\/div>[vc_column_text]\n<p style=\"text-align: center;\"><span style=\"font-size: 16px;\"><strong>SECCI\u00d3N OFICIAL<\/strong> <\/span><\/p>\n[\/vc_column_text]<div class=\"vcex-spacing\" style=\"height:20px\"><\/div>[\/vc_column][vc_column width=\u00bb1\/6&#8243;]<div class=\"vcex-image vcex-module vcex-clr textcenter\"><span class=\"vcex-image-inner wpex-image-hover opacity overlay-parent overlay-parent-title-excerpt-hover overlay-ms overlay-h\"><a href=\"#seccio-zoom-km-0-2018\"><img src=\"https:\/\/www.zoomfestival.org\/wp-content\/uploads\/2018\/10\/icona-zoom-festival_0002_SECCIO-ZOOM-KM0ESP.png\" data-no-retina width=\"294\" height=\"294\" \/><div class=\"overlay-title-excerpt-hover overlay-hide theme-overlay textcenter\"><div class=\"overlay-table clr\"><div class=\"overlay-table-cell clr\"><div class=\"overlay-title\"><\/div><div class=\"overlay-excerpt\">Secci\u00f3n que da visibilidad a las producciones realizadas por profesionales de Igualada y comarca.<\/div><\/div><\/div><\/div><\/a><\/span><\/div>[vc_column_text]\n<p style=\"text-align: center;\"><span style=\"font-size: 16px;\"><strong>ZOOM KM.0<\/strong> <\/span><\/p>\n[\/vc_column_text]<div class=\"vcex-spacing\" style=\"height:20px\"><\/div><div class=\"vcex-spacing\" style=\"height:20px\"><\/div>[\/vc_column][vc_column width=\u00bb1\/6&#8243;]<div class=\"vcex-image vcex-module vcex-clr textcenter\"><span class=\"vcex-image-inner wpex-image-hover opacity overlay-parent overlay-parent-title-excerpt-hover overlay-ms overlay-h\"><a href=\"#seccio-zoom-kids-2018\"><img src=\"https:\/\/www.zoomfestival.org\/wp-content\/uploads\/2018\/10\/icona-zoom-festival_0001_SECCIO-ZOOM-KIDSESP.png\" data-no-retina width=\"294\" height=\"294\" \/><div class=\"overlay-title-excerpt-hover overlay-hide theme-overlay textcenter\"><div class=\"overlay-table clr\"><div class=\"overlay-table-cell clr\"><div class=\"overlay-title\"><\/div><div class=\"overlay-excerpt\">Proyecciones pensadas para los escolares de la ciudad.<\/div><\/div><\/div><\/div><\/a><\/span><\/div>[vc_column_text]\n<p style=\"text-align: center;\"><span style=\"font-size: 16px;\"><strong>ZOOM KIDS<\/strong> <\/span><\/p>\n[\/vc_column_text][\/vc_column][\/vc_row][vc_row][vc_column][vc_raw_html]JTNDc3BhbiUyMGlkJTNEJTIyc2VjY2lvLW9maWNpYWwtMjAxOCUyMiUzRSUzQyUyRnNwYW4lM0U=[\/vc_raw_html]<div class=\"vcex-spacing\" style=\"height:60px\"><\/div>[vc_column_text]\n<div class=\"et_pb_column et_pb_column_3_4 et_pb_column_1 et-last-child\">\n<div class=\"et_pb_text et_pb_module et_pb_bg_layout_light et_pb_text_align_left et_pb_text_0\">\n<div class=\"et_pb_text_inner\">\n<h1>Secci\u00f3n oficial 2019<\/h1>\n<\/div>\n<\/div>\n<\/div>\n[\/vc_column_text]<div class=\"vcex-spacing\" style=\"height:32px\"><\/div>[\/vc_column][\/vc_row][vc_row][vc_column][vc_column_text]\n<h3>Ficci\u00f3n<\/h3>\n[\/vc_column_text]<div class=\"vcex-spacing\" style=\"height:30px\"><\/div><div class=\"vcex-module vcex-portfolio-grid-wrap wpex-clr\"><div class=\"wpex-row vcex-portfolio-grid wpex-clr entries gap-20\" data-transition-duration=\"0.0\"><div class=\"portfolio-entry entry-has-details span_1_of_4 col col-1 post-12193 entry type-portfolio has-media cat-133 cat-120\"><div class=\"portfolio-entry-inner entry-inner wpex-clr\"><div class=\"portfolio-entry-media entry-media wpex-clr\"><a href=\"https:\/\/www.zoomfestival.org\/es\/portfolio-item\/eden\" title=\"Eden\" class=\"portfolio-entry-media-link\"><img class=\"portfolio-entry-img\" src=\"https:\/\/www.zoomfestival.org\/wp-content\/uploads\/2019\/10\/Eden_1-x.jpg\" data-no-retina \/><\/a><\/div><div class=\"portfolio-entry-details entry-details wpex-clr\"><h2 class=\"portfolio-entry-title entry-title\"><a href=\"https:\/\/www.zoomfestival.org\/es\/portfolio-item\/eden\" title=\"Eden\">Eden<\/a><\/h2><div class=\"portfolio-entry-categories entry-categories wpex-clr\"><a href=\"https:\/\/www.zoomfestival.org\/es\/portfolio-category\/ficcion\" title=\"Ficci\u00f3n\" class=\"term-133\">Ficci\u00f3n<\/a><\/div><div class=\"portfolio-entry-excerpt entry-excerpt wpex-clr\"><p>Pa\u00eds: Alemanya Any: 2019 G\u00e8nere: Drama Duraci\u00f3:\u00a02x50 min Idioma original: Alemany Productora: Atlantique Productions, Lupa&hellip;<\/p><\/div><\/div><\/div><\/div><div class=\"portfolio-entry entry-has-details span_1_of_4 col col-2 post-12194 entry type-portfolio has-media cat-133 cat-120\"><div class=\"portfolio-entry-inner entry-inner wpex-clr\"><div class=\"portfolio-entry-media entry-media wpex-clr\"><a href=\"https:\/\/www.zoomfestival.org\/es\/portfolio-item\/exode\" title=\"\u00c8xode\" class=\"portfolio-entry-media-link\"><img class=\"portfolio-entry-img\" src=\"https:\/\/www.zoomfestival.org\/wp-content\/uploads\/2019\/10\/Exode_1-x.jpeg\" data-no-retina \/><\/a><\/div><div class=\"portfolio-entry-details entry-details wpex-clr\"><h2 class=\"portfolio-entry-title entry-title\"><a href=\"https:\/\/www.zoomfestival.org\/es\/portfolio-item\/exode\" title=\"\u00c8xode\">\u00c8xode<\/a><\/h2><div class=\"portfolio-entry-categories entry-categories wpex-clr\"><a href=\"https:\/\/www.zoomfestival.org\/es\/portfolio-category\/ficcion\" title=\"Ficci\u00f3n\" class=\"term-133\">Ficci\u00f3n<\/a><\/div><div class=\"portfolio-entry-excerpt entry-excerpt wpex-clr\"><p>Pa\u00eds:\u00a0Espanya Any: 2019 G\u00e8nere: Drama Duraci\u00f3: 88 min Idioma original: Catal\u00e0 Productora: Set M\u00e0gic Audiovisual,&hellip;<\/p><\/div><\/div><\/div><\/div><div class=\"portfolio-entry entry-has-details span_1_of_4 col col-3 post-12196 entry type-portfolio has-media cat-133 cat-120\"><div class=\"portfolio-entry-inner entry-inner wpex-clr\"><div class=\"portfolio-entry-media entry-media wpex-clr\"><a href=\"https:\/\/www.zoomfestival.org\/es\/portfolio-item\/la-compagnia-del-cigno\" title=\"La Compagnia del Cigno\" class=\"portfolio-entry-media-link\"><img class=\"portfolio-entry-img\" src=\"https:\/\/www.zoomfestival.org\/wp-content\/uploads\/2019\/10\/CompagniaCigno_1-x.jpg\" data-no-retina \/><\/a><\/div><div class=\"portfolio-entry-details entry-details wpex-clr\"><h2 class=\"portfolio-entry-title entry-title\"><a href=\"https:\/\/www.zoomfestival.org\/es\/portfolio-item\/la-compagnia-del-cigno\" title=\"La Compagnia del Cigno\">La Compagnia del Cigno<\/a><\/h2><div class=\"portfolio-entry-categories entry-categories wpex-clr\"><a href=\"https:\/\/www.zoomfestival.org\/es\/portfolio-category\/ficcion\" title=\"Ficci\u00f3n\" class=\"term-133\">Ficci\u00f3n<\/a><\/div><div class=\"portfolio-entry-excerpt entry-excerpt wpex-clr\"><p>Pa\u00eds:\u00a0It\u00e0lia Any:\u00a02019 G\u00e8nere: Familiar Duraci\u00f3:\u00a02x50 min Idioma original: Itali\u00e0 Productora: Rai Fiction, Indigo Film Direcci\u00f3:&hellip;<\/p><\/div><\/div><\/div><\/div><div class=\"portfolio-entry entry-has-details span_1_of_4 col col-4 post-12195 entry type-portfolio has-media cat-133 cat-120\"><div class=\"portfolio-entry-inner entry-inner wpex-clr\"><div class=\"portfolio-entry-media entry-media wpex-clr\"><a href=\"https:\/\/www.zoomfestival.org\/es\/portfolio-item\/la-fossa\" title=\"La Fossa\" class=\"portfolio-entry-media-link\"><img class=\"portfolio-entry-img\" src=\"https:\/\/www.zoomfestival.org\/wp-content\/uploads\/2019\/10\/LaFossa_2-x.jpg\" data-no-retina \/><\/a><\/div><div class=\"portfolio-entry-details entry-details wpex-clr\"><h2 class=\"portfolio-entry-title entry-title\"><a href=\"https:\/\/www.zoomfestival.org\/es\/portfolio-item\/la-fossa\" title=\"La Fossa\">La Fossa<\/a><\/h2><div class=\"portfolio-entry-categories entry-categories wpex-clr\"><a href=\"https:\/\/www.zoomfestival.org\/es\/portfolio-category\/ficcion\" title=\"Ficci\u00f3n\" class=\"term-133\">Ficci\u00f3n<\/a><\/div><div class=\"portfolio-entry-excerpt entry-excerpt wpex-clr\"><p>Pa\u00eds:\u00a0Espanya Any:\u00a02018 G\u00e8nere: Thriller Duraci\u00f3: 2x45' Idioma original: Catal\u00e0 Productora: Bausan Films, TVC, Wise Blue&hellip;<\/p><\/div><\/div><\/div><\/div><div class=\"portfolio-entry entry-has-details span_1_of_4 col col-1 post-12192 entry type-portfolio has-media cat-133 cat-120\"><div class=\"portfolio-entry-inner entry-inner wpex-clr\"><div class=\"portfolio-entry-media entry-media wpex-clr\"><a href=\"https:\/\/www.zoomfestival.org\/es\/portfolio-item\/lope-enamorado\" title=\"Lope Enamorado\" class=\"portfolio-entry-media-link\"><img class=\"portfolio-entry-img\" src=\"https:\/\/www.zoomfestival.org\/wp-content\/uploads\/2019\/10\/Lope_1-x.jpg\" data-no-retina \/><\/a><\/div><div class=\"portfolio-entry-details entry-details wpex-clr\"><h2 class=\"portfolio-entry-title entry-title\"><a href=\"https:\/\/www.zoomfestival.org\/es\/portfolio-item\/lope-enamorado\" title=\"Lope Enamorado\">Lope Enamorado<\/a><\/h2><div class=\"portfolio-entry-categories entry-categories wpex-clr\"><a href=\"https:\/\/www.zoomfestival.org\/es\/portfolio-category\/ficcion\" title=\"Ficci\u00f3n\" class=\"term-133\">Ficci\u00f3n<\/a><\/div><div class=\"portfolio-entry-excerpt entry-excerpt wpex-clr\"><p>Pa\u00eds: Espanya Any: 2018 G\u00e8nere: Drama Duraci\u00f3: 100' Idioma original: Castell\u00e0 Productora: Palamont, Golmersa, RTVE&hellip;<\/p><\/div><\/div><\/div><\/div><div class=\"portfolio-entry entry-has-details span_1_of_4 col col-2 post-12191 entry type-portfolio has-media cat-133 cat-120\"><div class=\"portfolio-entry-inner entry-inner wpex-clr\"><div class=\"portfolio-entry-media entry-media wpex-clr\"><a href=\"https:\/\/www.zoomfestival.org\/es\/portfolio-item\/rufmord\" title=\"Rufmord\" class=\"portfolio-entry-media-link\"><img class=\"portfolio-entry-img\" src=\"https:\/\/www.zoomfestival.org\/wp-content\/uploads\/2019\/10\/Rufmord_2-300x300.jpg\" data-no-retina width=\"300\" height=\"300\" \/><\/a><\/div><div class=\"portfolio-entry-details entry-details wpex-clr\"><h2 class=\"portfolio-entry-title entry-title\"><a href=\"https:\/\/www.zoomfestival.org\/es\/portfolio-item\/rufmord\" title=\"Rufmord\">Rufmord<\/a><\/h2><div class=\"portfolio-entry-categories entry-categories wpex-clr\"><a href=\"https:\/\/www.zoomfestival.org\/es\/portfolio-category\/ficcion\" title=\"Ficci\u00f3n\" class=\"term-133\">Ficci\u00f3n<\/a><\/div><div class=\"portfolio-entry-excerpt entry-excerpt wpex-clr\"><p>Pa\u00eds:\u00a0Alemanya Any: 2018 G\u00e8nere: Thriller Duraci\u00f3: 89 min Idioma original: Alemany Productora: Hager Moss Film&hellip;<\/p><\/div><\/div><\/div><\/div><div class=\"portfolio-entry entry-has-details span_1_of_4 col col-3 post-12189 entry type-portfolio has-media cat-133 cat-120\"><div class=\"portfolio-entry-inner entry-inner wpex-clr\"><div class=\"portfolio-entry-media entry-media wpex-clr\"><a href=\"https:\/\/www.zoomfestival.org\/es\/portfolio-item\/saat-des-terrors\" title=\"Saat des Terrors\" class=\"portfolio-entry-media-link\"><img class=\"portfolio-entry-img\" src=\"https:\/\/www.zoomfestival.org\/wp-content\/uploads\/2019\/10\/Saat_des_Terrors_2-x.jpg\" data-no-retina \/><\/a><\/div><div class=\"portfolio-entry-details entry-details wpex-clr\"><h2 class=\"portfolio-entry-title entry-title\"><a href=\"https:\/\/www.zoomfestival.org\/es\/portfolio-item\/saat-des-terrors\" title=\"Saat des Terrors\">Saat des Terrors<\/a><\/h2><div class=\"portfolio-entry-categories entry-categories wpex-clr\"><a href=\"https:\/\/www.zoomfestival.org\/es\/portfolio-category\/ficcion\" title=\"Ficci\u00f3n\" class=\"term-133\">Ficci\u00f3n<\/a><\/div><div class=\"portfolio-entry-excerpt entry-excerpt wpex-clr\"><p>Pa\u00eds:\u00a0Alemanya Any:\u00a02018 G\u00e8nere: Thriller Duraci\u00f3: 90' Idioma original: Alemany Productora: Diwafilm, S\u00fcdwestrundfunk Direcci\u00f3: Daniel Harrich&hellip;<\/p><\/div><\/div><\/div><\/div><div class=\"portfolio-entry entry-has-details span_1_of_4 col col-4 post-12188 entry type-portfolio has-media cat-133 cat-120\"><div class=\"portfolio-entry-inner entry-inner wpex-clr\"><div class=\"portfolio-entry-media entry-media wpex-clr\"><a href=\"https:\/\/www.zoomfestival.org\/es\/portfolio-item\/try\" title=\"Try\" class=\"portfolio-entry-media-link\"><img class=\"portfolio-entry-img\" src=\"https:\/\/www.zoomfestival.org\/wp-content\/uploads\/2019\/10\/try3-x.jpg\" data-no-retina \/><\/a><\/div><div class=\"portfolio-entry-details entry-details wpex-clr\"><h2 class=\"portfolio-entry-title entry-title\"><a href=\"https:\/\/www.zoomfestival.org\/es\/portfolio-item\/try\" title=\"Try\">Try<\/a><\/h2><div class=\"portfolio-entry-categories entry-categories wpex-clr\"><a href=\"https:\/\/www.zoomfestival.org\/es\/portfolio-category\/ficcion\" title=\"Ficci\u00f3n\" class=\"term-133\">Ficci\u00f3n<\/a><\/div><div class=\"portfolio-entry-excerpt entry-excerpt wpex-clr\"><p>Pa\u00eds:\u00a0Espanya Any:\u00a02018 G\u00e8nere: Drama Duraci\u00f3: 90 min Idioma original: Angl\u00e8s, Castell\u00e0 Productora: TVCO Direcci\u00f3: \u00c1ngel&hellip;<\/p><\/div><\/div><\/div><\/div><\/div><\/div><div class=\"vcex-spacing\" style=\"height:60px\"><\/div>[\/vc_column][\/vc_row][vc_row][vc_column][vc_column_text]\n<h3>Programas de entretenimiento<\/h3>\n[\/vc_column_text]<div class=\"vcex-spacing\" style=\"height:30px\"><\/div><div class=\"vcex-spacing\" style=\"height:60px\"><\/div>[\/vc_column][\/vc_row][vc_row][vc_column][vc_column_text]\n<h3>Programas culturales y divulgativos<\/h3>\n[\/vc_column_text]<div class=\"vcex-spacing\" style=\"height:30px\"><\/div><div class=\"vcex-spacing\" style=\"height:60px\"><\/div>[\/vc_column][\/vc_row][vc_row][vc_column][vc_column_text]\n<h3>Programas informativos<\/h3>\n[\/vc_column_text]<div class=\"vcex-spacing\" style=\"height:30px\"><\/div><div class=\"vcex-spacing\" style=\"height:60px\"><\/div>[\/vc_column][\/vc_row][vc_row][vc_column][vc_column_text]\n<h3>Programas de deportes<\/h3>\n[\/vc_column_text]<div class=\"vcex-spacing\" style=\"height:30px\"><\/div><div class=\"vcex-spacing\" style=\"height:60px\"><\/div>[\/vc_column][\/vc_row][vc_row][vc_column][vc_raw_html]JTNDc3BhbiUyMGlkJTNEJTIyc2VjY2lvLXpvb20ta20tMC0yMDE4JTIyJTNFJTNDJTJGc3BhbiUzRQ==[\/vc_raw_html]<div class=\"vcex-spacing\" style=\"height:60px\"><\/div>[vc_column_text]\n<div class=\"et_pb_column et_pb_column_3_4 et_pb_column_1 et-last-child\">\n<div class=\"et_pb_text et_pb_module et_pb_bg_layout_light et_pb_text_align_left et_pb_text_0\">\n<div class=\"et_pb_text_inner\">\n<h1>Zoom KM.0 2019<\/h1>\n<\/div>\n<\/div>\n<\/div>\n[\/vc_column_text]<div class=\"vcex-spacing\" style=\"height:32px\"><\/div>[\/vc_column][\/vc_row][vc_row][vc_column]<div class=\"vcex-spacing\" style=\"height:30px\"><\/div><div class=\"vcex-spacing\" style=\"height:60px\"><\/div>[\/vc_column][\/vc_row][vc_row][vc_column][vc_raw_html]JTNDc3BhbiUyMGlkJTNEJTIyc2VjY2lvLXpvb20ta2lkcy0yMDE4JTIyJTNFJTNDJTJGc3BhbiUzRQ==[\/vc_raw_html]<div class=\"vcex-spacing\" style=\"height:60px\"><\/div>[vc_column_text]\n<div class=\"et_pb_column et_pb_column_3_4 et_pb_column_1 et-last-child\">\n<div class=\"et_pb_text et_pb_module et_pb_bg_layout_light et_pb_text_align_left et_pb_text_0\">\n<div class=\"et_pb_text_inner\">\n<h1>Zoom Kids 2019<\/h1>\n<\/div>\n<\/div>\n<\/div>\n[\/vc_column_text]<div class=\"vcex-spacing\" style=\"height:32px\"><\/div>[\/vc_column][\/vc_row][vc_row][vc_column]<div class=\"vcex-spacing\" style=\"height:30px\"><\/div><div class=\"vcex-module vcex-portfolio-grid-wrap wpex-clr\"><div class=\"wpex-row vcex-portfolio-grid wpex-clr entries gap-20\" data-transition-duration=\"0.0\"><div class=\"portfolio-entry entry-has-details span_1_of_4 col col-1 post-12039 entry type-portfolio has-media cat-122\"><div class=\"portfolio-entry-inner entry-inner wpex-clr\"><div class=\"portfolio-entry-media entry-media wpex-clr\"><a href=\"https:\/\/www.zoomfestival.org\/es\/portfolio-item\/joguines-guardianes\" title=\"Juguetes guardianes\" class=\"portfolio-entry-media-link\"><img class=\"portfolio-entry-img\" src=\"https:\/\/www.zoomfestival.org\/wp-content\/uploads\/2019\/10\/joguinesguardianes_2.jpg\" data-no-retina width=\"300\" height=\"299\" \/><\/a><\/div><div class=\"portfolio-entry-details entry-details wpex-clr\"><h2 class=\"portfolio-entry-title entry-title\"><a href=\"https:\/\/www.zoomfestival.org\/es\/portfolio-item\/joguines-guardianes\" title=\"Juguetes guardianes\">Juguetes guardianes<\/a><\/h2><div class=\"portfolio-entry-categories entry-categories wpex-clr\"><a href=\"https:\/\/www.zoomfestival.org\/es\/portfolio-category\/zoom-kids-2019-es\" title=\"ZOOM KIDS 2019\" class=\"term-122\">ZOOM KIDS 2019<\/a><\/div><div class=\"portfolio-entry-excerpt entry-excerpt wpex-clr\"><p>A\u00f1o: 2017 Pa\u00eds:\u00a0Corea del Sud Directores: Shen Yu &amp; Wang Yan Gui\u00f3n: Huang Yan, Shen&hellip;<\/p><\/div><\/div><\/div><\/div><\/div><\/div><div class=\"vcex-spacing\" style=\"height:60px\"><\/div>[\/vc_column][\/vc_row][vc_row full_width=\u00bbstretch_row_content_no_spaces\u00bb][vc_column]<div class=\"vcex-spacing\" style=\"height:30px\"><\/div>[vc_separator][\/vc_column][\/vc_row]\n","protected":false},"excerpt":{"rendered":"<p>[vc_row][vc_column][vc_column_text] Secciones Zoom Festival [\/vc_column_text][\/vc_column][\/vc_row][vc_row column_spacing=\u00bb5&#8243; gap=\u00bb5&#8243; el_id=\u00bbseccions\u00bb][vc_column width=\u00bb1\/6&#8243;][vc_column_text] SECCI\u00d3N OFICIAL [\/vc_column_text][\/vc_column][vc_column width=\u00bb1\/6&#8243;][vc_column_text] ZOOM KM.0 [\/vc_column_text][\/vc_column][vc_column width=\u00bb1\/6&#8243;][vc_column_text] ZOOM KIDS [\/vc_column_text][\/vc_column][\/vc_row][vc_row][vc_column][vc_raw_html]JTNDc3BhbiUyMGlkJTNEJTIyc2VjY2lvLW9maWNpYWwtMjAxOCUyMiUzRSUzQyUyRnNwYW4lM0U=[\/vc_raw_html][vc_column_text] Secci\u00f3n oficial 2019 [\/vc_column_text][\/vc_column][\/vc_row][vc_row][vc_column][vc_column_text] Ficci\u00f3n [\/vc_column_text][\/vc_column][\/vc_row][vc_row][vc_column][vc_column_text] Programas de entretenimiento [\/vc_column_text][\/vc_column][\/vc_row][vc_row][vc_column][vc_column_text] Programas culturales y divulgativos [\/vc_column_text][\/vc_column][\/vc_row][vc_row][vc_column][vc_column_text] Programas informativos [\/vc_column_text][\/vc_column][\/vc_row][vc_row][vc_column][vc_column_text] Programas de&hellip;<\/p>\n","protected":false},"author":7,"featured_media":0,"parent":10111,"menu_order":0,"comment_status":"closed","ping_status":"closed","template":"templates\/no-sidebar.php","meta":{"_mi_skip_tracking":false},"_links":{"self":[{"href":"https:\/\/www.zoomfestival.org\/es\/wp-json\/wp\/v2\/pages\/11994"}],"collection":[{"href":"https:\/\/www.zoomfestival.org\/es\/wp-json\/wp\/v2\/pages"}],"about":[{"href":"https:\/\/www.zoomfestival.org\/es\/wp-json\/wp\/v2\/types\/page"}],"author":[{"embeddable":true,"href":"https:\/\/www.zoomfestival.org\/es\/wp-json\/wp\/v2\/users\/7"}],"replies":[{"embeddable":true,"href":"https:\/\/www.zoomfestival.org\/es\/wp-json\/wp\/v2\/comments?post=11994"}],"version-history":[{"count":6,"href":"https:\/\/www.zoomfestival.org\/es\/wp-json\/wp\/v2\/pages\/11994\/revisions"}],"predecessor-version":[{"id":12197,"href":"https:\/\/www.zoomfestival.org\/es\/wp-json\/wp\/v2\/pages\/11994\/revisions\/12197"}],"up":[{"embeddable":true,"href":"https:\/\/www.zoomfestival.org\/es\/wp-json\/wp\/v2\/pages\/10111"}],"wp:attachment":[{"href":"https:\/\/www.zoomfestival.org\/es\/wp-json\/wp\/v2\/media?parent=11994"}],"curies":[{"name":"wp","href":"https:\/\/api.w.org\/{rel}","templated":true}]}}