{"id":9067,"date":"2018-07-09T09:36:11","date_gmt":"2018-07-09T07:36:11","guid":{"rendered":"https:\/\/www.zoomfestival.org\/el-festival\/"},"modified":"2026-05-08T17:17:06","modified_gmt":"2026-05-08T15:17:06","slug":"el-festival","status":"publish","type":"page","link":"https:\/\/www.zoomfestival.org\/es","title":{"rendered":"PREMIOS ZOOM"},"content":{"rendered":"[vc_row full_width=\u00bbstretch_row_content_no_spaces\u00bb][vc_column][rev_slider_vc alias=\u00bbhome-slide-esp\u00bb][\/vc_column][\/vc_row][vc_row][vc_column offset=\u00bbvc_hidden-sm vc_hidden-xs\u00bb]<div class=\"vcex-spacing\" style=\"height:30px\"><\/div>[vc_widget_sidebar sidebar_id=\u00bbcaixesbotons\u00bb]<div class=\"vcex-spacing\" style=\"height:50px\"><\/div>[\/vc_column][\/vc_row][vc_row equal_height=\u00bbyes\u00bb][vc_column]<div class=\"vcex-spacing\" style=\"height:30px\"><\/div>[vc_row_inner][vc_column_inner][\/vc_column_inner][\/vc_row_inner][vc_row_inner][vc_column_inner width=\u00bb1\/2&#8243;]<h1 class=\"vcex-module vcex-heading vcex-heading-plain\" style=\"font-weight:900;\"><span class=\"vcex-heading-inner clr\">24A EDICI\u00d3N DE LOS PREMIOS ZOOM<\/span><\/h1><h2 class=\"vcex-module vcex-heading vcex-heading-plain vc_custom_1778253423026\" style=\"font-weight:100;\"><span class=\"vcex-heading-inner clr\">DEL 18 AL 21 DE NOVIEMBRE DE 2026 EN IGUALADA<\/span><\/h2>[vc_column_text]Los Premios Zoom galardonar\u00e1n los mejores formatos de Ficci\u00f3n, Entretenimiento, Informativo, Deportivo, Cultural y Divulgativo.<\/p>\n[\/vc_column_text][vc_btn title=\u00bbINSCRIPCIONES ABIERTAS\u00bb style=\u00bboutline\u00bb color=\u00bbblack\u00bb link=\u00bburl:https%3A%2F%2Fwww.zoomfestival.org%2Fes%2Fel-festival%2Fbases-seccion-oficial|||\u00bb css=\u00bb.vc_custom_1778253396868{padding-top: 30px !important;}\u00bb][\/vc_column_inner][vc_column_inner width=\u00bb1\/2&#8243;][\/vc_column_inner][\/vc_row_inner][\/vc_column][\/vc_row][vc_row][vc_column]<div class=\"vcex-spacing\" style=\"height:30px\"><\/div><h2 class=\"vcex-module vcex-heading vcex-heading-plain vc_custom_1666187059066\" style=\"font-weight:100;\"><span class=\"vcex-heading-inner clr\">\u00daLTIMAS NOTICIAS<\/span><\/h2><div class=\"vcex-spacing\" style=\"height:30px\"><\/div><div class=\"vcex-module vcex-recent-news clr wpex-row gap-30\"><div class=\"col span_1_of_4 vcex-recent-news-entry-wrap col-1\"><article class=\"vcex-recent-news-entry clr no-left-padding post-26339 post type-post status-publish format-standard has-post-thumbnail hentry category-sin-categorizar category-ultimas-noticias entry has-media\"><div class=\"vcex-news-entry-details clr\"><div class=\"vcex-news-entry-thumbnail clr\"><a href=\"https:\/\/www.zoomfestival.org\/es\/arxius\/26339\" title=\"Recupera la gala de los XXIII Premios Zoom\"><img alt=\"Recupera La Gala De Los XXIII Premios Zoom\" src=\"https:\/\/www.zoomfestival.org\/wp-content\/uploads\/2025\/12\/MVP01564.jpg\" data-no-retina width=\"2400\" height=\"1600\" \/><\/a><\/div><header class=\"vcex-recent-news-entry-title entry-title\"><h3 class=\"vcex-recent-news-entry-title-heading\"><a href=\"https:\/\/www.zoomfestival.org\/es\/arxius\/26339\">Recupera la gala de los XXIII Premios Zoom<\/a><\/h3><\/header><div class=\"vcex-recent-news-entry-excerpt clr\"><div class=\"entry\"><p>\u00bfTe perdiste la gala de entrega de premios de los XXIII Premios Zoom? F\u00e1cil. Aqu\u00ed la puedes recuperar.<\/p><\/div><a href=\"https:\/\/www.zoomfestival.org\/es\/arxius\/26339\" class=\"theme-button\">Leer m\u00e1s<\/a><\/div><\/div><\/article><\/div><div class=\"col span_1_of_4 vcex-recent-news-entry-wrap col-2\"><article class=\"vcex-recent-news-entry clr no-left-padding post-26227 post type-post status-publish format-standard has-post-thumbnail hentry category-sin-categorizar category-ultimas-noticias entry has-media\"><div class=\"vcex-news-entry-details clr\"><div class=\"vcex-news-entry-thumbnail clr\"><a href=\"https:\/\/www.zoomfestival.org\/es\/arxius\/26227\" title=\"Helena Garcia Melero y Ramon Pellicer, los premios de honor de la edici\u00f3n de los Premios Zoom 2025\"><img alt=\"Helena Garcia Melero Y Ramon Pellicer, Los Premios De Honor De La Edici\u00f3n De Los Premios Zoom 2025\" src=\"https:\/\/www.zoomfestival.org\/wp-content\/uploads\/2025\/11\/Diseno-sin-titulo-4.jpg\" data-no-retina width=\"1920\" height=\"1080\" \/><\/a><\/div><header class=\"vcex-recent-news-entry-title entry-title\"><h3 class=\"vcex-recent-news-entry-title-heading\"><a href=\"https:\/\/www.zoomfestival.org\/es\/arxius\/26227\">Helena Garcia Melero y Ramon Pellicer, los premios de honor de la edici\u00f3n de los Premios Zoom 2025<\/a><\/h3><\/header><div class=\"vcex-recent-news-entry-excerpt clr\"><div class=\"entry\"><p>Los Premios Zoom de Televisi\u00f3n y Plataformas Digitales conceden cada a\u00f1o un distintivo galard\u00f3n a la trayectoria de dos personalidades del mundo de la comunicaci\u00f3n y el audiovisual. Este a\u00f1o,&hellip;<\/p><\/div><a href=\"https:\/\/www.zoomfestival.org\/es\/arxius\/26227\" class=\"theme-button\">Leer m\u00e1s<\/a><\/div><\/div><\/article><\/div><div class=\"col span_1_of_4 vcex-recent-news-entry-wrap col-3\"><article class=\"vcex-recent-news-entry clr no-left-padding post-25816 post type-post status-publish format-standard has-post-thumbnail hentry category-sin-categorizar category-ultimas-noticias entry has-media\"><div class=\"vcex-news-entry-details clr\"><div class=\"vcex-news-entry-thumbnail clr\"><a href=\"https:\/\/www.zoomfestival.org\/es\/arxius\/25816\" title=\"Producciones de todo el mundo entre las finalistas de los Premios Zoom 2025\"><img alt=\"Producciones De Todo El Mundo Entre Las Finalistas De Los Premios Zoom 2025\" src=\"https:\/\/www.zoomfestival.org\/wp-content\/uploads\/2025\/10\/PremisZoom2025_1.jpg\" data-no-retina width=\"2376\" height=\"1600\" \/><\/a><\/div><header class=\"vcex-recent-news-entry-title entry-title\"><h3 class=\"vcex-recent-news-entry-title-heading\"><a href=\"https:\/\/www.zoomfestival.org\/es\/arxius\/25816\">Producciones de todo el mundo entre las finalistas de los Premios Zoom 2025<\/a><\/h3><\/header><div class=\"vcex-recent-news-entry-excerpt clr\"><div class=\"entry\"><p>Este noviembre, el Teatro Municipal Ateneu de Igualada volver\u00e1 a ser el punto de encuentro para los profesionales del mundo audiovisual. La gala de la 23\u00aa edici\u00f3n de los Premios&hellip;<\/p><\/div><a href=\"https:\/\/www.zoomfestival.org\/es\/arxius\/25816\" class=\"theme-button\">Leer m\u00e1s<\/a><\/div><\/div><\/article><\/div><div class=\"col span_1_of_4 vcex-recent-news-entry-wrap col-4\"><article class=\"vcex-recent-news-entry clr no-left-padding post-24911 post type-post status-publish format-standard has-post-thumbnail hentry category-sin-categorizar category-ultimas-noticias entry has-media\"><div class=\"vcex-news-entry-details clr\"><div class=\"vcex-news-entry-thumbnail clr\"><a href=\"https:\/\/www.zoomfestival.org\/es\/arxius\/24911\" title=\"Se abren las inscripciones para participar en la 23\u00aa edici\u00f3n de los Premios Zoom, que se celebrar\u00e1n en noviembre en Igualada\"><img alt=\"Se Abren Las Inscripciones Para Participar En La 23\u00aa Edici\u00f3n De Los Premios Zoom, Que Se Celebrar\u00e1n En Noviembre En Igualada\" src=\"https:\/\/www.zoomfestival.org\/wp-content\/uploads\/2025\/05\/Zoom-25-slider-web-CAT-ok-e1748862032437.jpg\" data-no-retina width=\"1403\" height=\"365\" \/><\/a><\/div><header class=\"vcex-recent-news-entry-title entry-title\"><h3 class=\"vcex-recent-news-entry-title-heading\"><a href=\"https:\/\/www.zoomfestival.org\/es\/arxius\/24911\">Se abren las inscripciones para participar en la 23\u00aa edici\u00f3n de los Premios Zoom, que se celebrar\u00e1n en noviembre en Igualada<\/a><\/h3><\/header><div class=\"vcex-recent-news-entry-excerpt clr\"><div class=\"entry\"><p>Ya est\u00e1n abiertas las inscripciones para participar en la 23\u00aa edici\u00f3n de los Premios Zoom de Televisi\u00f3n y Plataformas Digitales, que tendr\u00e1 lugar en Igualada del 20 al 22 de&hellip;<\/p><\/div><a href=\"https:\/\/www.zoomfestival.org\/es\/arxius\/24911\" class=\"theme-button\">Leer m\u00e1s<\/a><\/div><\/div><\/article><\/div><\/div><div class=\"vcex-spacing\" style=\"height:30px\"><\/div>[\/vc_column][\/vc_row][vc_row css=\u00bb.vc_custom_1623660121016{margin-top: 50px !important;margin-bottom: 50px !important;}\u00bb][vc_column]<div class=\"vcex-spacing\" style=\"height:30px\"><\/div>[vc_row_inner][vc_column_inner width=\u00bb2\/6&#8243;]<h2 class=\"vcex-module vcex-heading vcex-heading-plain vc_custom_1697641772886\" style=\"font-weight:100;text-align:right;\"><span class=\"vcex-heading-inner clr\">\u00bfQU\u00c9 SECCIONES FORMAN LOS PREMIOS ZOOM?<\/span><\/h2>[\/vc_column_inner][vc_column_inner width=\u00bb1\/6&#8243;][vc_single_image image=\u00bb14601&#8243; onclick=\u00bbcustom_link\u00bb img_hover=\u00bbopacity\u00bb link=\u00bbhttps:\/\/www.zoomfestival.org\/es\/secciones-zoom-2024&#8243;][\/vc_column_inner][vc_column_inner width=\u00bb1\/6&#8243;][vc_single_image image=\u00bb14637&#8243; onclick=\u00bbcustom_link\u00bb img_hover=\u00bbopacity\u00bb link=\u00bbhttps:\/\/www.zoomfestival.org\/es\/secciones-zoom-2023&#8243;][\/vc_column_inner][vc_column_inner width=\u00bb1\/6&#8243;][vc_single_image image=\u00bb14641&#8243; onclick=\u00bbcustom_link\u00bb img_hover=\u00bbopacity\u00bb link=\u00bbhttps:\/\/www.zoomfestival.org\/es\/actividades\/zoom-class\u00bb][\/vc_column_inner][\/vc_row_inner]<div class=\"vcex-spacing\" style=\"height:30px\"><\/div><div class=\"vcex-spacing\" style=\"height:30px\"><\/div>[\/vc_column][\/vc_row][vc_row][vc_column width=\u00bb2\/6&#8243;]<h2 class=\"vcex-module vcex-heading vcex-heading-plain vc_custom_1697641761935\" style=\"font-weight:100;text-align:right;\"><span class=\"vcex-heading-inner clr\">\u00bfCU\u00c1LES SON LOS PREMIOS ZOOM?<\/span><\/h2>[\/vc_column][vc_column width=\u00bb4\/6&#8243;][vc_tta_accordion style=\u00bbflat\u00bb shape=\u00bbsquare\u00bb c_icon=\u00bbchevron\u00bb active_section=\u00bb100&#8243; collapsible_all=\u00bbtrue\u00bb][vc_tta_section title=\u00bbPremios Secci\u00f3n Oficial\u00bb tab_id=\u00bb1623660756799-7f01c970-24b6&#8243;][vc_column_text]\nPremio del Jurado Oficial a la Mejor Ficci\u00f3n TV-Movie<\/p>\n<p>Premio del Jurado Oficial a la Mejor Ficci\u00f3n Serie<\/p>\n<p>Premio del Jurado Oficial al Mejor Programa de Entretenimiento<\/p>\n<p>Premio del Jurado Oficial al Mejor Programa Cultural<\/p>\n<p>Premio del Jurado Oficial al Mejor Programa Informativo<\/p>\n<p>Premio del Jurado Oficial al Mejor Programa Deportivo<\/p>\n[\/vc_column_text]<div class=\"vcex-spacing\" style=\"height:30px\"><\/div>[\/vc_tta_section][vc_tta_section title=\u00bbPremio D.O. Catalunya\u00bb tab_id=\u00bb1623660756799-8a37377a-fbee\u00bb][vc_column_text]Premi D.O Catalunya al Millor Programa en catal\u00e0[\/vc_column_text][\/vc_tta_section][vc_tta_section title=\u00bbPremio Zoom de Honor\u00bb tab_id=\u00bb1623662728010-0e310c97-2f4d\u00bb][vc_column_text]Premio a la trayectoria de una personalidad o empresa por su aportaci\u00f3n al mundo de la televisi\u00f3n.<\/p>\n[\/vc_column_text][\/vc_tta_section][vc_tta_section title=\u00bbPremios Showcase de Pilotos de Ficci\u00f3n\u00bb tab_id=\u00bb1623662804915-3e1858dc-2051&#8243;][vc_column_text]Premio del Jurado al Mejor Piloto de Ficci\u00f3n<\/p>\n<p>Premio del P\u00fablico al Mejor Piloto de Ficci\u00f3n<\/p>\n[\/vc_column_text]<div class=\"vcex-spacing\" style=\"height:30px\"><\/div>[vc_btn title=\u00bbBases e inscripciones\u00bb style=\u00bboutline\u00bb shape=\u00bbsquare\u00bb color=\u00bbblack\u00bb css=\u00bb.vc_custom_1666187289978{padding-top: 10px !important;padding-bottom: 10px !important;}\u00bb link=\u00bburl:https%3A%2F%2Fwww.zoomfestival.org%2Fes%2Fel-festival%2Fbases-showcase-esp%2F|\u00bb][\/vc_tta_section][vc_tta_section title=\u00bbPremio CIMA\u00bb tab_id=\u00bb1623662876651-f7cdcb61-2753&#8243;][vc_column_text]\nPremio CIMA-Festival Zoom al Mejor Formato de TV para la Igualdad de G\u00e9nero<\/p>\n[\/vc_column_text]<div class=\"vcex-spacing\" style=\"height:30px\"><\/div>[vc_btn title=\u00bbBases i inscripcions\u00bb style=\u00bboutline\u00bb shape=\u00bbsquare\u00bb color=\u00bbblack\u00bb css=\u00bb.vc_custom_1623662962638{padding-top: 10px !important;padding-bottom: 10px !important;}\u00bb link=\u00bburl:https%3A%2F%2Fwww.zoomfestival.org%2Fes%2Fbases-y-inscripciones-1er-premio-cima-festival-zoom%2F|\u00bb][\/vc_tta_section][\/vc_tta_accordion]<div class=\"vcex-spacing\" style=\"height:30px\"><\/div>[\/vc_column][\/vc_row][vc_row][vc_column width=\u00bb2\/6&#8243;]<h2 class=\"vcex-module vcex-heading vcex-heading-plain vc_custom_1697641861487\" style=\"font-weight:100;text-align:right;\"><span class=\"vcex-heading-inner clr\">LA GALA DE PREMIOS<\/span><\/h2>[\/vc_column][vc_column width=\u00bb4\/6&#8243;]<div class=\"vcex-spacing\" style=\"height:10px\"><\/div>[vc_column_text]La Gala de entrega de los Premios Zoom ser\u00e1 el s\u00e1bado 23 de noviembre al Teatro Municipal el Ateneo de Igualada, a partir de las 21h. Durante el acto se conocer\u00e1n los premios del Zoom 2024 de la Secci\u00f3n Oficial, y se dar\u00e1n a conocer los ganadores del 11.\u00ba Showcase de Pilotos de Ficci\u00f3n.<\/p>\n[\/vc_column_text]<div class=\"vcex-spacing\" style=\"height:30px\"><\/div>[\/vc_column][\/vc_row][vc_row disable_element=\u00bbyes\u00bb][vc_column][vc_btn title=\u00bbZoomLive\u00bb style=\u00bbflat\u00bb shape=\u00bbsquare\u00bb color=\u00bbinfo\u00bb link=\u00bburl:https%3A%2F%2Fwww.zoomfestival.org%2Fes%2Fzoom-live-un-festival-virtual%2Fzoomlive-2%2F|target:%20_blank|\u00bb][vc_btn title=\u00bbEntradas\u00bb style=\u00bbflat\u00bb shape=\u00bbsquare\u00bb color=\u00bbblack\u00bb link=\u00bburl:https%3A%2F%2Fwww.zoomfestival.org%2Fes%2Fprogramacio%2F||target:%20_blank|\u00bb][vc_btn title=\u00bbConsulta la programaci\u00f3n\u00bb style=\u00bboutline\u00bb shape=\u00bbsquare\u00bb color=\u00bbblack\u00bb link=\u00bburl:https%3A%2F%2Fwww.zoomfestival.org%2Fevents%2F|target:%20_blank|\u00bb][\/vc_column][\/vc_row]\n","protected":false},"excerpt":{"rendered":"<p>[vc_row full_width=\u00bbstretch_row_content_no_spaces\u00bb][vc_column][rev_slider_vc alias=\u00bbhome-slide-esp\u00bb][\/vc_column][\/vc_row][vc_row][vc_column offset=\u00bbvc_hidden-sm vc_hidden-xs\u00bb][vc_widget_sidebar sidebar_id=\u00bbcaixesbotons\u00bb][\/vc_column][\/vc_row][vc_row equal_height=\u00bbyes\u00bb][vc_column][vc_row_inner][vc_column_inner][\/vc_column_inner][\/vc_row_inner][vc_row_inner][vc_column_inner width=\u00bb1\/2&#8243;][vc_column_text]Los Premios Zoom galardonar\u00e1n los mejores formatos de Ficci\u00f3n, Entretenimiento, Informativo, Deportivo, Cultural y Divulgativo. [\/vc_column_text][vc_btn title=\u00bbINSCRIPCIONES ABIERTAS\u00bb style=\u00bboutline\u00bb color=\u00bbblack\u00bb link=\u00bburl:https%3A%2F%2Fwww.zoomfestival.org%2Fes%2Fel-festival%2Fbases-seccion-oficial|||\u00bb css=\u00bb.vc_custom_1778253396868{padding-top: 30px !important;}\u00bb][\/vc_column_inner][vc_column_inner width=\u00bb1\/2&#8243;][\/vc_column_inner][\/vc_row_inner][\/vc_column][\/vc_row][vc_row][vc_column][\/vc_column][\/vc_row][vc_row css=\u00bb.vc_custom_1623660121016{margin-top: 50px !important;margin-bottom: 50px !important;}\u00bb][vc_column][vc_row_inner][vc_column_inner width=\u00bb2\/6&#8243;][\/vc_column_inner][vc_column_inner width=\u00bb1\/6&#8243;][vc_single_image image=\u00bb14601&#8243;&hellip;<\/p>\n","protected":false},"author":2,"featured_media":0,"parent":0,"menu_order":0,"comment_status":"closed","ping_status":"closed","template":"templates\/no-sidebar.php","meta":{"_mi_skip_tracking":false},"_links":{"self":[{"href":"https:\/\/www.zoomfestival.org\/es\/wp-json\/wp\/v2\/pages\/9067"}],"collection":[{"href":"https:\/\/www.zoomfestival.org\/es\/wp-json\/wp\/v2\/pages"}],"about":[{"href":"https:\/\/www.zoomfestival.org\/es\/wp-json\/wp\/v2\/types\/page"}],"author":[{"embeddable":true,"href":"https:\/\/www.zoomfestival.org\/es\/wp-json\/wp\/v2\/users\/2"}],"replies":[{"embeddable":true,"href":"https:\/\/www.zoomfestival.org\/es\/wp-json\/wp\/v2\/comments?post=9067"}],"version-history":[{"count":118,"href":"https:\/\/www.zoomfestival.org\/es\/wp-json\/wp\/v2\/pages\/9067\/revisions"}],"predecessor-version":[{"id":26380,"href":"https:\/\/www.zoomfestival.org\/es\/wp-json\/wp\/v2\/pages\/9067\/revisions\/26380"}],"wp:attachment":[{"href":"https:\/\/www.zoomfestival.org\/es\/wp-json\/wp\/v2\/media?parent=9067"}],"curies":[{"name":"wp","href":"https:\/\/api.w.org\/{rel}","templated":true}]}}