{"id":9111,"date":"2018-07-09T09:37:14","date_gmt":"2018-07-09T07:37:14","guid":{"rendered":"https:\/\/www.zoomfestival.org\/talent-campus\/"},"modified":"2021-11-10T09:23:19","modified_gmt":"2021-11-10T08:23:19","slug":"talent-campus-esp","status":"publish","type":"page","link":"https:\/\/www.zoomfestival.org\/es\/talent-campus-esp","title":{"rendered":"Talent Campus"},"content":{"rendered":"[vc_row full_width=\u00bbstretch_row_content_no_spaces\u00bb][vc_column]<div class=\"vcex-spacing\" style=\"height:60px\"><\/div>[\/vc_column][\/vc_row][vc_row el_id=\u00bbbases-talent-campus\u00bb][vc_column width=\u00bb1\/4&#8243;][vc_single_image image=\u00bb17618&#8243;]<div class=\"vcex-spacing\" style=\"height:30px\"><\/div>[vc_message message_box_style=\u00bboutline\u00bb message_box_color=\u00bbblack\u00bb icon_fontawesome=\u00bbfa fa-file-pdf-o\u00bb]<a href=\"https:\/\/www.zoomfestival.org\/wp-content\/uploads\/2021\/10\/Talent-Campus_Dossier-2021-ESP-V4.pdf\" target=\"_blank\" rel=\"noopener\"><span style=\"font-size: 13px;\"><span style=\"font-size: 11px;\">DOSIER TALENT CAMPUS<\/span><\/span><\/a>[\/vc_message][vc_message message_box_style=\u00bboutline\u00bb message_box_color=\u00bbblack\u00bb]<a href=\"#fomulari-talent-campus\" rel=\"noopener\"><span style=\"font-size: 13px;\"><span style=\"font-size: 11px;\">FORMULARIO INSCRIPCI\u00d3N<\/span><\/span><\/a>[\/vc_message][\/vc_column][vc_column width=\u00bb3\/4&#8243; el_id=\u00bbbases-talent-campus\u00bb][vc_column_text]\n<h1><b>5\u00ba TALENT CAMPUS DE FORMATOS DE TV __ ONLINE_ <\/b><\/h1>\n[\/vc_column_text][vc_column_text]\n<h3><b>\u00bfQu\u00e9 es?<\/b><\/h3>\n<p><span style=\"font-weight: 400;\">El <\/span><b>Talent Campus de Formatos de TV<\/b><span style=\"font-weight: 400;\"> es una oportunidad para desarrollar ideas propias de nuevos formatos para televisiones u otros canales, con el guiaje y la colaboraci\u00f3n de profesionales del sector.\u00a0<\/span><\/p>\n<p><span style=\"font-weight: 400;\">\u00a0<\/span><span style=\"font-weight: 400;\">A lo largo de las sesiones previstas, analizaremos, debatiremos y trabajaremos las propuestas creativas para ajustarlas a la realidad del mercado. El objetivo es elaborar una biblia para cada proyecto, que siga los est\u00e1ndares de la industria y que est\u00e9 preparada para poderse compartir con productoras o medios de comunicaci\u00f3n.\u00a0<\/span><\/p>\n<p><span style=\"font-weight: 400;\">Si bien el foco es principalmente televisivo, tambi\u00e9n se valoran proyectos audiovisuales de naturaleza transmedia que pongan en juego otras plataformas de consumo de contenidos.\u00a0<\/span><\/p>\n<p><span style=\"font-weight: 400;\">El Talent Campus de Formatos de TV es una iniciativa del Zoom Festival Internacional de Contenidos Audiovisuales de Catalunya, que celebra la decimonovena edici\u00f3n entre los d\u00edas 23 y 28 de noviembre de 2021, en Igualada y Online.\u00a0<\/span><span style=\"font-weight: 400;\">\u00a0<\/span><\/p>\n<p><span style=\"font-weight: 400;\">Dada la situaci\u00f3n actual de Pandemia de la Covid-19, esta edici\u00f3n del 2021 del Talent Campus de Formatos de TV ser\u00e1 online los d\u00edas 25 y 26 de noviembre de 16h a 20h, con una sesi\u00f3n presencial optativa el s\u00e1bado 27 por la ma\u00f1ana.<\/span><\/p>\n<p><span style=\"font-weight: 400;\">Tras una presentaci\u00f3n general, los tutores har\u00e1n el seguimiento y las clases personalizadas a los proyectos seleccionados, por videoconferencia, en privado.<\/span><b>\u00a0<\/b><\/p>\n<p><b>El s\u00e1bado 27 de noviembre los proyectos se presentaran delante de un panel profesional formado por cadenas de televisi\u00f3n y productoras participantes en el festival: TV3, Ganga TV, Movistar +, entre otras.\u00a0<\/b><\/p>\n<h3><b>\u00bfA qui\u00e9n va dirigido?<\/b><\/h3>\n<p><span style=\"font-weight: 400;\">Cualquier persona que tenga una idea de proyecto de formato para televisi\u00f3n en cualquier estado de desarrollo puede hacer la inscripci\u00f3n y ser\u00e1 valorada por tutores para ser seleccionada.\u00a0<\/span><\/p>\n<p><span style=\"font-weight: 400;\">Empresas productoras, estudiantes de cine o audiovisuales, guionistas, creativos, etc.\u00a0<\/span><\/p>\n<h3><b>Proceso de selecci\u00f3n:\u00a0<\/b><\/h3>\n<p><span style=\"font-weight: 400;\">De todos los proyectos inscritos, se har\u00e1 una selecci\u00f3n de un m\u00e1ximo de 12 participantes y proyectos.\u00a0<\/span><\/p>\n<p><span style=\"font-weight: 400;\">La inscripci\u00f3n de proyectos es gratuita. Los tutores seleccionar\u00e1n los proyectos que participaran en el Talent Campus.\u00a0<\/span><\/p>\n<p><span style=\"font-weight: 400;\">Los proyectos seleccionados deber\u00e1n abonar 80\u20ac\u00a0 en concepto de inscripci\u00f3n y participaci\u00f3n en el Talent Campus que incluye:\u00a0<\/span><\/p>\n<p><span style=\"font-weight: 400;\">&#8211;<\/span><span style=\"font-weight: 400;\"> \u00a0 \u00a0 \u00a0 <\/span><span style=\"font-weight: 400;\">Asistencia a las <\/span><b>ZoomClass<\/b><span style=\"font-weight: 400;\"> de formatos de TV (online): Clases magistrales en horario de ma\u00f1ana los d\u00edas 24, 25, 26 de noviembre, impartidas por profesionales de la televisi\u00f3n.\u00a0<\/span><\/p>\n<p><span style=\"font-weight: 400;\">&#8211;<\/span><span style=\"font-weight: 400;\"> \u00a0 \u00a0 \u00a0 <\/span><b>Sesiones tutoriales personalizadas<\/b><span style=\"font-weight: 400;\">: 25 y 26 de noviembre de 16h a 20h\u00a0<\/span><\/p>\n<p><span style=\"font-weight: 400;\">&#8211;<\/span><span style=\"font-weight: 400;\"> \u00a0 \u00a0 \u00a0 <\/span><b>Acceso al<\/b> <b>encuentro virtual ( o presencial) con la industria <\/b><span style=\"font-weight: 400;\">(Televisiones y productoras) el s\u00e1bado 27 de noviembre por la ma\u00f1ana.\u00a0<\/span><\/p>\n<p><span style=\"font-weight: 400;\">Previo al encuentro hay la posibilidad de hacer un \u00faltimo retoque del proyecto\/pitching con los tutores. Esta sesi\u00f3n con el tutor puede ser presencial en Igualada u online.<\/span><\/p>\n<p><span style=\"font-weight: 400;\">&#8211;<\/span><span style=\"font-weight: 400;\"> \u00a0 \u00a0 \u00a0 <\/span><b>Asistencia a la Gala de Clausura y Entrega de premios<\/b><span style=\"font-weight: 400;\"> el s\u00e1bado 27 de noviembre a las 21:30h en Igualada.<\/span><\/p>\n<p>&nbsp;<\/p>\n<p style=\"text-align: center;\"><strong>La fecha l\u00edmite de inscripci\u00f3n es el 30 de Octubre<\/strong><\/p>\n[\/vc_column_text]<div class=\"vcex-spacing\" style=\"height:15px\"><\/div>[vc_single_image image=\u00bb14339&#8243;][\/vc_column][\/vc_row][vc_row][vc_column width=\u00bb1\/4&#8243;]<div class=\"vcex-spacing\" style=\"height:30px\"><\/div>[\/vc_column][vc_column width=\u00bb3\/4&#8243;]<div class=\"vcex-spacing\" style=\"height:10px\"><\/div>[vc_column_text]\n<h3>Tutores<\/h3>\n[\/vc_column_text][vc_row_inner][vc_column_inner width=\u00bb1\/4&#8243;]<div class=\"vcex-image vcex-module vcex-clr\"><span class=\"vcex-image-inner\"><img src=\"https:\/\/www.zoomfestival.org\/wp-content\/uploads\/2021\/09\/Toni-Marin.png\" alt=\"Toni Marin\" data-no-retina width=\"272\" height=\"270\" \/><\/span><\/div>[\/vc_column_inner][vc_column_inner width=\u00bb3\/4&#8243;][vc_column_text]<strong>TONI MARIN<\/strong><\/p>\n<p><span style=\"font-weight: 400;\">Productor ejecutivo, director y realizador de cine, televisi\u00f3n, proyectos culturales y de formatos de televisi\u00f3n para canales como TVE, TV3, Antena 3, ZDF o France Televisi\u00f3n y en productoras como por ejemplo Mediapro, Cromosoma o la Fundaci\u00f3 Digitalent. Fundador y director de La Ballesta, productora audiovisual, y profesor de dise\u00f1o y gesti\u00f3n de la producci\u00f3n audiovisual en la Universidad Aut\u00f3noma de Barcelona. Es asesor y consultor y ha participado como jurado en numerosos festivales de cine del \u00e1mbito internacional.\u00a0<\/span>[\/vc_column_text][\/vc_column_inner][\/vc_row_inner]<div class=\"vcex-spacing\" style=\"height:60px\"><\/div>[vc_row_inner][vc_column_inner width=\u00bb1\/4&#8243;]<div class=\"vcex-image vcex-module vcex-clr\"><span class=\"vcex-image-inner\"><img src=\"https:\/\/www.zoomfestival.org\/wp-content\/uploads\/2021\/09\/Maria-Lopez.png\" data-no-retina width=\"272\" height=\"270\" \/><\/span><\/div>[\/vc_column_inner][vc_column_inner width=\u00bb3\/4&#8243;][vc_column_text]<strong>MARIA L\u00d3PEZ<\/strong><\/p>\n<p><span style=\"font-weight: 400;\">CEO, productora ejecutiva y directora de programas en New Digital Media. Ha sido directora de programas para la cadena ETB2 y directora de contenidos de 3KOMA. Creadora del exitoso formato <\/span><i><span style=\"font-weight: 400;\">El club del tupper<\/span><\/i><span style=\"font-weight: 400;\">, y es productora ejecutiva de <\/span><i><span style=\"font-weight: 400;\">Juego de Cartas, Barre Librea <\/span><\/i><span style=\"font-weight: 400;\">para ETB<\/span>[\/vc_column_text][\/vc_column_inner][\/vc_row_inner]<div class=\"vcex-spacing\" style=\"height:60px\"><\/div>[\/vc_column][\/vc_row][vc_row el_id=\u00bbfomulari-talent-campus\u00bb][vc_column][vc_separator]<div class=\"vcex-spacing\" style=\"height:30px\"><\/div>[vc_column_text css=\u00bb.vc_custom_1538409632541{padding-top: -30px !important;}\u00bb]\n<h4 style=\"text-align: left;\"><strong>Formulario de inscripci\u00f3n<\/strong><span style=\"color: #fff200;\"><span style=\"font-size: 16px;\"><strong><br \/>\n<\/strong><\/span><\/span><\/h4>\n[\/vc_column_text]<div class=\"vcex-spacing\" style=\"height:20px\"><\/div>[contact-form-7 id=\u00bb8983&#8243;]<div class=\"vcex-spacing\" style=\"height:30px\"><\/div>[\/vc_column][\/vc_row][vc_row][vc_column][vc_column_text]\n<p style=\"text-align: center;\"><strong>El formulario de inscripci\u00f3n estar\u00e1 abierto hasta el 30 de Octubre<\/strong><\/p>\n[\/vc_column_text][vc_widget_sidebar sidebar_id=\u00bbcaixesbotons\u00bb][\/vc_column][\/vc_row][vc_row full_width=\u00bbstretch_row\u00bb css=\u00bb.vc_custom_1535097251179{border-top-width: 1px !important;border-bottom-width: 1px !important;border-top-color: #000000 !important;border-top-style: solid !important;border-bottom-color: #000000 !important;border-bottom-style: solid !important;}\u00bb][vc_column][vc_widget_sidebar sidebar_id=\u00bbnewsletter\u00bb][\/vc_column][\/vc_row]\n","protected":false},"excerpt":{"rendered":"<p>[vc_row full_width=\u00bbstretch_row_content_no_spaces\u00bb][vc_column][\/vc_column][\/vc_row][vc_row el_id=\u00bbbases-talent-campus\u00bb][vc_column width=\u00bb1\/4&#8243;][vc_single_image image=\u00bb17618&#8243;][vc_message message_box_style=\u00bboutline\u00bb message_box_color=\u00bbblack\u00bb icon_fontawesome=\u00bbfa fa-file-pdf-o\u00bb]DOSIER TALENT CAMPUS[\/vc_message][vc_message message_box_style=\u00bboutline\u00bb message_box_color=\u00bbblack\u00bb]FORMULARIO INSCRIPCI\u00d3N[\/vc_message][\/vc_column][vc_column width=\u00bb3\/4&#8243; el_id=\u00bbbases-talent-campus\u00bb][vc_column_text] 5\u00ba TALENT CAMPUS DE FORMATOS DE TV __ ONLINE_ [\/vc_column_text][vc_column_text] \u00bfQu\u00e9 es? El Talent Campus de Formatos de TV es una oportunidad para desarrollar&hellip;<\/p>\n","protected":false},"author":2,"featured_media":0,"parent":0,"menu_order":0,"comment_status":"closed","ping_status":"closed","template":"templates\/no-sidebar.php","meta":{"_mi_skip_tracking":false},"_links":{"self":[{"href":"https:\/\/www.zoomfestival.org\/es\/wp-json\/wp\/v2\/pages\/9111"}],"collection":[{"href":"https:\/\/www.zoomfestival.org\/es\/wp-json\/wp\/v2\/pages"}],"about":[{"href":"https:\/\/www.zoomfestival.org\/es\/wp-json\/wp\/v2\/types\/page"}],"author":[{"embeddable":true,"href":"https:\/\/www.zoomfestival.org\/es\/wp-json\/wp\/v2\/users\/2"}],"replies":[{"embeddable":true,"href":"https:\/\/www.zoomfestival.org\/es\/wp-json\/wp\/v2\/comments?post=9111"}],"version-history":[{"count":31,"href":"https:\/\/www.zoomfestival.org\/es\/wp-json\/wp\/v2\/pages\/9111\/revisions"}],"predecessor-version":[{"id":19293,"href":"https:\/\/www.zoomfestival.org\/es\/wp-json\/wp\/v2\/pages\/9111\/revisions\/19293"}],"wp:attachment":[{"href":"https:\/\/www.zoomfestival.org\/es\/wp-json\/wp\/v2\/media?parent=9111"}],"curies":[{"name":"wp","href":"https:\/\/api.w.org\/{rel}","templated":true}]}}