{"id":9133,"date":"2018-09-05T09:13:57","date_gmt":"2018-09-05T07:13:57","guid":{"rendered":"https:\/\/www.zoomfestival.org\/actividades\/zoom-class\/"},"modified":"2025-10-28T14:50:57","modified_gmt":"2025-10-28T13:50:57","slug":"zoom-class","status":"publish","type":"page","link":"https:\/\/www.zoomfestival.org\/es\/actividades\/zoom-class","title":{"rendered":"Zoom Class"},"content":{"rendered":"[vc_row full_width=\u00bbstretch_row_content_no_spaces\u00bb][vc_column css=\u00bb.vc_custom_1537864571819{margin-top: -20px !important;}\u00bb][vc_single_image image=\u00bb16906&#8243;][\/vc_column][\/vc_row][vc_row][vc_column]<div class=\"vcex-spacing\" style=\"height:60px\"><\/div>[vc_column_text]\n<h1 style=\"text-align: center;\">Zoom Class<\/h1>\n[\/vc_column_text][vc_column_text]\n<p style=\"text-align: center; letter-spacing: 10px;\">ACTIVITAT PROFESSIONAL I EDUCATIVA<\/p>\n[\/vc_column_text][vc_column_text]\n<h2 style=\"text-align: center;\">Classes magistrals de formats de TV, impartides per professionals del sector audiovisual.<\/h2>\n[\/vc_column_text]<div class=\"vcex-spacing\" style=\"height:30px\"><\/div>[vc_row_inner][vc_column_inner width=\u00bb1\/3&#8243;]<div class=\"vcex-module vcex-icon-box clr vcex-icon-box-two\"><div class=\"vcex-icon-box-icon\" style=\"color:#000000;\"><span class=\"vc_li vc_li-banknote\" aria-hidden=\"true\"><\/span><\/div><div class=\"vcex-icon-box-heading\">INSCRIPCIONS GRATUITES<\/div><div class=\"vcex-icon-box-content clr\"><\/div><\/div>[\/vc_column_inner][vc_column_inner width=\u00bb1\/3&#8243;]<div class=\"vcex-module vcex-icon-box clr vcex-icon-box-two\"><div class=\"vcex-icon-box-icon\" style=\"color:#000000;\"><span class=\"vc_li vc_li-eye\" aria-hidden=\"true\"><\/span><\/div><div class=\"vcex-icon-box-heading\">ASSISTENTS<\/div><div class=\"vcex-icon-box-content clr\"><p style=\"text-align: center\"><span class=\"\" style=\"font-family: Roboto\"><span class=\"\" style=\"font-size: 14px;line-height: 20px\">Estudiants i professionals del sector.<\/span><\/span><\/p>\n<\/div><\/div>[\/vc_column_inner][vc_column_inner width=\u00bb1\/3&#8243;]<div class=\"vcex-module vcex-icon-box clr vcex-icon-box-two\"><div class=\"vcex-icon-box-icon\" style=\"color:#000000;\"><span class=\"vc_li vc_li-pen\" aria-hidden=\"true\"><\/span><\/div><div class=\"vcex-icon-box-heading\">INSCRIPCIONS<\/div><div class=\"vcex-icon-box-content clr\"><\/div><\/div>[vc_btn title=\u00bbInscriu-te\u00bb style=\u00bboutline\u00bb color=\u00bbblack\u00bb align=\u00bbcenter\u00bb link=\u00bburl:https%3A%2F%2Fwww.zoomfestival.org%2Finscripcions-a-zoomclass%2F||target:%20_blank|\u00bb][\/vc_column_inner][\/vc_row_inner][\/vc_column][\/vc_row][vc_row][vc_column][vc_column_text]\n<h2 style=\"text-align: center;\"><a href=\"https:\/\/www.zoomfestival.org\/events\/\">PROGRAMACI\u00d3 ZOOM CLASS 2025<\/a><\/h2>\n<h4 style=\"text-align: center;\">20 i 21 de novembre<\/p>\n[\/vc_column_text]<div class=\"vcex-spacing\" style=\"height:30px\"><\/div><div class=\"vcex-spacing\" style=\"height:30px\"><\/div>[\/vc_column][\/vc_row][vc_row][vc_column]<div class=\"vcex-spacing\" style=\"height:30px\"><\/div>[vc_separator]<div class=\"vcex-spacing\" style=\"height:30px\"><\/div>[\/vc_column][\/vc_row][vc_row][vc_column width=\u00bb1\/3&#8243;][vc_single_image image=\u00bb25565&#8243;][\/vc_column][vc_column width=\u00bb2\/3&#8243;][vc_column_text]\n<p style=\"letter-spacing: 10px; text-align: left;\">ZOOM CLASS<\/p>\n[\/vc_column_text][vc_column_text]\n<p><strong>DIJOUS 20 DE NOVEMBRE A LES 9:30H \/ TEATRE ATENEU IGUALAD\u00cd<\/strong><\/p>\n[\/vc_column_text][vc_column_text]\n<h3>SuperCampus (3Cat)<\/h3>\n[\/vc_column_text][vc_column_text css=\u00bb.vc_custom_1761659101501{padding-bottom: 20px !important;}\u00bb]\n<p>SuperCampus \u00e9s la plataforma educativa digital de TV3 i SX3, creada per 3Cat, que ofereix continguts audiovisuals en catal\u00e0, gratu\u00efts\u2026<\/p>\n[\/vc_column_text]<a href=\"https:\/\/www.zoomfestival.org\/esdeveniment\/zoom-class-supercampus-3cat\" class=\"vcex-button theme-button small inline animate-on-hover\"><span class=\"theme-button-inner\">+ INFO<\/span><\/a> [\/vc_column][\/vc_row][vc_row][vc_column]<div class=\"vcex-spacing\" style=\"height:30px\"><\/div>[vc_separator]<div class=\"vcex-spacing\" style=\"height:30px\"><\/div>[\/vc_column][\/vc_row][vc_row][vc_column width=\u00bb1\/3&#8243;][vc_single_image image=\u00bb25570&#8243;][\/vc_column][vc_column width=\u00bb2\/3&#8243;][vc_column_text]\n<p style=\"letter-spacing: 10px; text-align: left;\">ZOOM CLASS<\/p>\n[\/vc_column_text][vc_column_text]\n<p><strong>DIJOUS 20 DE NOVEMBRE A LES 11:30H \/ TEATRE ATENEU IGUALAD\u00cd<\/strong><\/p>\n[\/vc_column_text][vc_column_text]\n<h3>Tit\u00f3 (3Cat)<\/h3>\n[\/vc_column_text][vc_column_text css=\u00bb.vc_custom_1761659142454{padding-bottom: 20px !important;}\u00bb]\n<p>Tit\u00f3 \u00e9s un programa de televisi\u00f3 del canal SX3 (3Cat) pensat per a nens i nenes de Prim\u00e0ria. Cada cap\u00edtol dura uns 10 minuts i ens porta a&#8230;<\/p>\n[\/vc_column_text]<a href=\"https:\/\/www.zoomfestival.org\/esdeveniment\/zoom-class-tito-3cat\" class=\"vcex-button theme-button small inline animate-on-hover\"><span class=\"theme-button-inner\">+ INFO<\/span><\/a> [\/vc_column][\/vc_row][vc_row][vc_column]<div class=\"vcex-spacing\" style=\"height:30px\"><\/div>[vc_separator]<div class=\"vcex-spacing\" style=\"height:30px\"><\/div>[\/vc_column][\/vc_row][vc_row][vc_column width=\u00bb1\/3&#8243;][vc_single_image image=\u00bb25575&#8243;][\/vc_column][vc_column width=\u00bb2\/3&#8243;][vc_column_text]\n<p style=\"letter-spacing: 10px; text-align: left;\">ZOOM CLASS<\/p>\n[\/vc_column_text][vc_column_text]\n<p><strong>DIVENDRES 21 DE NOVEMBRE A LES 9:30H \/ TEATRE ATENEU IGUALAD\u00cd<\/strong><\/p>\n[\/vc_column_text][vc_column_text]\n<h3>Sense filtres (3Cat)<\/h3>\n[\/vc_column_text][vc_column_text css=\u00bb.vc_custom_1761659357258{padding-bottom: 20px !important;}\u00bb]\n<p><strong>La nova s\u00e8rie de ficci\u00f3 de 3Cat<\/strong><\/p>\n<p>Un estrena en exclusiva en el marc dels Premis Zoom d\u2019Igualada. El g\u00e8nere de ficci\u00f3 \u00e9s clau per a 3Cat&#8230;<\/p>\n[\/vc_column_text]<a href=\"https:\/\/www.zoomfestival.org\/esdeveniment\/zoom-class-sense-filtres-3cat\" class=\"vcex-button theme-button small inline animate-on-hover\"><span class=\"theme-button-inner\">+ INFO<\/span><\/a> [\/vc_column][\/vc_row][vc_row][vc_column]<div class=\"vcex-spacing\" style=\"height:30px\"><\/div>[vc_separator]<div class=\"vcex-spacing\" style=\"height:30px\"><\/div>[\/vc_column][\/vc_row][vc_row][vc_column width=\u00bb1\/3&#8243;][vc_single_image image=\u00bb25580&#8243;][\/vc_column][vc_column width=\u00bb2\/3&#8243;][vc_column_text]\n<p style=\"letter-spacing: 10px; text-align: left;\">ZOOM CLASS<\/p>\n[\/vc_column_text][vc_column_text]\n<p><strong>DIVENDRES 21 DE NOVEMBRE A LES 11:30H \/ TEATRE ATENEU IGUALAD\u00cd<\/strong><\/p>\n[\/vc_column_text][vc_column_text]\n<h3>Showcase Short Form. Projecci\u00f3 i votaci\u00f3<\/h3>\n[\/vc_column_text][vc_column_text css=\u00bb.vc_custom_1761659404299{padding-bottom: 20px !important;}\u00bb]\n<p>Vine a la masterclass on es projectaran diversos treballs presentats a Showcase Short Form, organizar per Serielizados Fest. Els assistents podran votar el projecte&#8230;<\/p>\n[\/vc_column_text]<a href=\"https:\/\/www.zoomfestival.org\/esdeveniment\/showcase-short-form-projeccio-i-votacio\" class=\"vcex-button theme-button small inline animate-on-hover\"><span class=\"theme-button-inner\">+ INFO<\/span><\/a> [\/vc_column][\/vc_row][vc_row][vc_column]<div class=\"vcex-spacing\" style=\"height:100px\"><\/div>[vc_separator]<div class=\"vcex-spacing\" style=\"height:30px\"><\/div>[\/vc_column][\/vc_row][vc_row][vc_column][vc_widget_sidebar sidebar_id=\u00bbcaixesbotons\u00bb][vc_separator][\/vc_column][\/vc_row]\n","protected":false},"excerpt":{"rendered":"<p>[vc_row full_width=\u00bbstretch_row_content_no_spaces\u00bb][vc_column css=\u00bb.vc_custom_1537864571819{margin-top: -20px !important;}\u00bb][vc_single_image image=\u00bb16906&#8243;][\/vc_column][\/vc_row][vc_row][vc_column][vc_column_text] Zoom Class [\/vc_column_text][vc_column_text] ACTIVITAT PROFESSIONAL I EDUCATIVA [\/vc_column_text][vc_column_text] Classes magistrals de formats de TV, impartides per professionals del sector audiovisual. [\/vc_column_text][vc_row_inner][vc_column_inner width=\u00bb1\/3&#8243;][\/vc_column_inner][vc_column_inner width=\u00bb1\/3&#8243;][\/vc_column_inner][vc_column_inner width=\u00bb1\/3&#8243;][vc_btn title=\u00bbInscriu-te\u00bb style=\u00bboutline\u00bb color=\u00bbblack\u00bb align=\u00bbcenter\u00bb link=\u00bburl:https%3A%2F%2Fwww.zoomfestival.org%2Finscripcions-a-zoomclass%2F||target:%20_blank|\u00bb][\/vc_column_inner][\/vc_row_inner][\/vc_column][\/vc_row][vc_row][vc_column][vc_column_text] PROGRAMACI\u00d3 ZOOM CLASS 2025 20&hellip;<\/p>\n","protected":false},"author":2,"featured_media":0,"parent":9063,"menu_order":0,"comment_status":"closed","ping_status":"closed","template":"","meta":{"_mi_skip_tracking":false},"_links":{"self":[{"href":"https:\/\/www.zoomfestival.org\/es\/wp-json\/wp\/v2\/pages\/9133"}],"collection":[{"href":"https:\/\/www.zoomfestival.org\/es\/wp-json\/wp\/v2\/pages"}],"about":[{"href":"https:\/\/www.zoomfestival.org\/es\/wp-json\/wp\/v2\/types\/page"}],"author":[{"embeddable":true,"href":"https:\/\/www.zoomfestival.org\/es\/wp-json\/wp\/v2\/users\/2"}],"replies":[{"embeddable":true,"href":"https:\/\/www.zoomfestival.org\/es\/wp-json\/wp\/v2\/comments?post=9133"}],"version-history":[{"count":49,"href":"https:\/\/www.zoomfestival.org\/es\/wp-json\/wp\/v2\/pages\/9133\/revisions"}],"predecessor-version":[{"id":25586,"href":"https:\/\/www.zoomfestival.org\/es\/wp-json\/wp\/v2\/pages\/9133\/revisions\/25586"}],"up":[{"embeddable":true,"href":"https:\/\/www.zoomfestival.org\/es\/wp-json\/wp\/v2\/pages\/9063"}],"wp:attachment":[{"href":"https:\/\/www.zoomfestival.org\/es\/wp-json\/wp\/v2\/media?parent=9133"}],"curies":[{"name":"wp","href":"https:\/\/api.w.org\/{rel}","templated":true}]}}