{"id":9537,"date":"2018-09-14T12:06:11","date_gmt":"2018-09-14T10:06:11","guid":{"rendered":"https:\/\/www.zoomfestival.org\/avis-legal\/"},"modified":"2018-11-19T13:42:28","modified_gmt":"2018-11-19T12:42:28","slug":"aviso-legal","status":"publish","type":"page","link":"https:\/\/www.zoomfestival.org\/es\/aviso-legal","title":{"rendered":"Aviso legal"},"content":{"rendered":"<h1><\/h1>\n<h1 style=\"text-align: center;\">Aviso legal<\/h1>\n<h2><strong>Propiedad del sitio web<br \/>\n<\/strong><\/h2>\n<p>Esta web est\u00e1 administrada por la organitzaci\u00f3n del Festival Zoom Igualada, desde el <strong>Ateneu Igualad\u00ed<\/strong>.<br \/>\nC\/ Sant Pau, 9, 08700 Igualada. Espa\u00f1a.<br \/>\nEmail: zoom@zoomigualada.org<\/p>\n<p>&nbsp;<\/p>\n<h2><strong>Aviso legal sobre el acceso al sitio web<\/strong><\/h2>\n<p>Todos los derechos de propiedad Industrial e Intelectual de la sede web www.zoomigualada.org, as\u00ed como los elementos que contiene la misma (que incluyen, entre otros, textos, im\u00e1genes, sonido, audio, v\u00eddeo, dise\u00f1os, creatividades y software ) pertenecen a ATENEU IGUALAD\u00cd o, en su caso, a terceras personas.<\/p>\n<p>El\/la usuario\/a puede visualizar todos los elementos impresos, copiarlos y almacenarlos en un disco duro de su ordenador o en cualquier otro soporte f\u00edsico siempre y cuando sea \u00fanica y exclusivamente para el uso privado, que deja, por tanto, de manera prohibida la utilizaci\u00f3n con car\u00e1cter comercial, su distribuci\u00f3n, as\u00ed como su modificaci\u00f3n o alteraci\u00f3n.<\/p>\n<p style=\"text-align: justify;\">ATENEU IGUALAD\u00cd se reserva el derecho a efectuar sin previo aviso las modificaciones que considere oportunas en lo referente a su sede web, pudiendo cambiar, suprimir o a\u00f1adir tanto los contenidos y servicios que presta de forma que estos aparezcan presentados o localizados.<\/p>\n<p style=\"text-align: justify;\">ATENEU IGUALAD\u00cd perseguir\u00e1 el incumplimiento de las anteriores condiciones as\u00ed como cualquier utilizaci\u00f3n no propia de los contenidos presentados dentro de su p\u00e1gina web, ejerciendo as\u00ed todas las acciones civiles y penales que se puedan corresponder en su derecho.<\/p>\n<p style=\"text-align: justify;\">ATENEU IGUALAD\u00cd s\u00f3lo autoriza el nombramiento de sus contenidos en otras p\u00e1ginas web, con el tratamiento que \u00e9stas consideren, siempre y cuando se cuente con un previo y expreso consentimiento de la organizaci\u00f3n. En el caso de disponer de un enlace de un hipertexto en alguna de sus p\u00e1ginas, el usuario debe saber que est\u00e1 entrando en cdnet.biz y debe percibir en su ordenador su direcci\u00f3n URL.<\/p>\n","protected":false},"excerpt":{"rendered":"<p>Aviso legal Propiedad del sitio web Esta web est\u00e1 administrada por la organitzaci\u00f3n del Festival Zoom Igualada, desde el Ateneu Igualad\u00ed. C\/ Sant Pau, 9, 08700 Igualada. Espa\u00f1a. Email: zoom@zoomigualada.org &nbsp; Aviso legal sobre el acceso al sitio web Todos&hellip;<\/p>\n","protected":false},"author":2,"featured_media":0,"parent":0,"menu_order":0,"comment_status":"closed","ping_status":"closed","template":"","meta":{"_mi_skip_tracking":false},"_links":{"self":[{"href":"https:\/\/www.zoomfestival.org\/es\/wp-json\/wp\/v2\/pages\/9537"}],"collection":[{"href":"https:\/\/www.zoomfestival.org\/es\/wp-json\/wp\/v2\/pages"}],"about":[{"href":"https:\/\/www.zoomfestival.org\/es\/wp-json\/wp\/v2\/types\/page"}],"author":[{"embeddable":true,"href":"https:\/\/www.zoomfestival.org\/es\/wp-json\/wp\/v2\/users\/2"}],"replies":[{"embeddable":true,"href":"https:\/\/www.zoomfestival.org\/es\/wp-json\/wp\/v2\/comments?post=9537"}],"version-history":[{"count":4,"href":"https:\/\/www.zoomfestival.org\/es\/wp-json\/wp\/v2\/pages\/9537\/revisions"}],"predecessor-version":[{"id":11236,"href":"https:\/\/www.zoomfestival.org\/es\/wp-json\/wp\/v2\/pages\/9537\/revisions\/11236"}],"wp:attachment":[{"href":"https:\/\/www.zoomfestival.org\/es\/wp-json\/wp\/v2\/media?parent=9537"}],"curies":[{"name":"wp","href":"https:\/\/api.w.org\/{rel}","templated":true}]}}