{"id":9545,"date":"2018-09-24T11:42:15","date_gmt":"2018-09-24T09:42:15","guid":{"rendered":"https:\/\/www.zoomfestival.org\/credits\/"},"modified":"2018-10-02T16:11:47","modified_gmt":"2018-10-02T14:11:47","slug":"creditos","status":"publish","type":"page","link":"https:\/\/www.zoomfestival.org\/es\/creditos","title":{"rendered":"CR\u00c9DITOS"},"content":{"rendered":"[vc_row][vc_column]<div class=\"vcex-spacing\" style=\"height:30px\"><\/div>[vc_column_text]\n<h1 style=\"text-align: center;\">Cr\u00e9ditos<\/h1>\n[\/vc_column_text]<div class=\"vcex-spacing\" style=\"height:30px\"><\/div>[\/vc_column][\/vc_row][vc_row full_width=\u00bbstretch_row\u00bb][vc_column width=\u00bb1\/4&#8243;][\/vc_column][vc_column width=\u00bb1\/2&#8243;]<div class=\"vcex-spacing\" style=\"height:30px\"><\/div>[vc_column_text]\n<p style=\"text-align: center;\">Creatividad y gr\u00e1fica del Festival Zoom a cargo de <em><a href=\"https:\/\/www.instagram.com\/nilmorist\/\" target=\"_blank\" rel=\"noopener\"><span style=\"color: #999999;\">Nil Morist<\/span><\/a><br \/>\n<\/em><a href=\"http:\/\/www.instint.net\/\" target=\"_blank\" rel=\"noopener\">Dise\u00f1o web y desarollo<\/a> a cargo de <a href=\"http:\/\/www.instint.net\/\" target=\"_blank\" rel=\"noopener\"><em><strong><span style=\"color: #999999;\">Instint.net <\/span><\/strong><span style=\"color: #999999;\">Estrat\u00e8gia Digital<\/span><\/em><\/a><br \/>\nContenido y texto a cargo de <span style=\"color: #999999;\"><em>Zoom Festival<br \/>\n<\/em><\/span><a href=\"http:\/\/www.instint.net\/\" target=\"_blank\" rel=\"noopener\">Social Media y estrategia digital<\/a> a cargo de <a href=\"http:\/\/www.instint.net\/\" target=\"_blank\" rel=\"noopener\"><em><strong><span style=\"color: #999999;\">Instint.net <\/span><\/strong><span style=\"color: #999999;\">Estrat\u00e8gia Digital<\/span><\/em><\/a><\/p>\n[\/vc_column_text][\/vc_column][vc_column width=\u00bb1\/4&#8243;][\/vc_column][\/vc_row][vc_row][vc_column]<div class=\"vcex-spacing\" style=\"height:30px\"><\/div><div class=\"vcex-spacing\" style=\"height:30px\"><\/div>[vc_separator][\/vc_column][\/vc_row]\n","protected":false},"excerpt":{"rendered":"<p>[vc_row][vc_column][vc_column_text] Cr\u00e9ditos [\/vc_column_text][\/vc_column][\/vc_row][vc_row full_width=\u00bbstretch_row\u00bb][vc_column width=\u00bb1\/4&#8243;][\/vc_column][vc_column width=\u00bb1\/2&#8243;][vc_column_text] Creatividad y gr\u00e1fica del Festival Zoom a cargo de Nil Morist Dise\u00f1o web y desarollo a cargo de Instint.net Estrat\u00e8gia Digital Contenido y texto a cargo de Zoom Festival Social Media y estrategia digital&hellip;<\/p>\n","protected":false},"author":2,"featured_media":0,"parent":0,"menu_order":0,"comment_status":"closed","ping_status":"closed","template":"","meta":{"_mi_skip_tracking":false},"_links":{"self":[{"href":"https:\/\/www.zoomfestival.org\/es\/wp-json\/wp\/v2\/pages\/9545"}],"collection":[{"href":"https:\/\/www.zoomfestival.org\/es\/wp-json\/wp\/v2\/pages"}],"about":[{"href":"https:\/\/www.zoomfestival.org\/es\/wp-json\/wp\/v2\/types\/page"}],"author":[{"embeddable":true,"href":"https:\/\/www.zoomfestival.org\/es\/wp-json\/wp\/v2\/users\/2"}],"replies":[{"embeddable":true,"href":"https:\/\/www.zoomfestival.org\/es\/wp-json\/wp\/v2\/comments?post=9545"}],"version-history":[{"count":2,"href":"https:\/\/www.zoomfestival.org\/es\/wp-json\/wp\/v2\/pages\/9545\/revisions"}],"predecessor-version":[{"id":9546,"href":"https:\/\/www.zoomfestival.org\/es\/wp-json\/wp\/v2\/pages\/9545\/revisions\/9546"}],"wp:attachment":[{"href":"https:\/\/www.zoomfestival.org\/es\/wp-json\/wp\/v2\/media?parent=9545"}],"curies":[{"name":"wp","href":"https:\/\/api.w.org\/{rel}","templated":true}]}}