{"id":9581,"date":"2018-07-06T13:42:17","date_gmt":"2018-07-06T11:42:17","guid":{"rendered":"https:\/\/www.zoomfestival.org\/politica-proteccio-dades\/"},"modified":"2018-10-03T12:48:49","modified_gmt":"2018-10-03T10:48:49","slug":"politica-proteccion-datos","status":"publish","type":"page","link":"https:\/\/www.zoomfestival.org\/es\/politica-proteccion-datos","title":{"rendered":"Pol\u00edtica de protecci\u00f3n de datos"},"content":{"rendered":"[vc_row][vc_column]<div class=\"vcex-spacing\" style=\"height:60px\"><\/div>[vc_column_text]\n<h1 style=\"text-align: center;\">Pol\u00edtica de protecci\u00f3n de datos<\/h1>\n[\/vc_column_text]<div class=\"vcex-spacing\" style=\"height:60px\"><\/div>[\/vc_column][\/vc_row][vc_row][vc_column width=\u00bb1\/2&#8243;][vc_column_text]El sitio web y el dominio <a href=\"http:\/\/www.zoomfestival.org\">www.zoomfestival.org<\/a> corresponden al Ateneu Igualad\u00ed de la Clase Obrera (de ahora en adelante Ateneu Igualad\u00ed) con CIF G-08663478, domicilio a la calle Sant Pau, 9, 08700 Igualada, tel\u00e9fono <a href=\"tel:+34938030763\">938 030 763<\/a>, e-mail: <a href=\"mailto:ateneu@ateneuigualadi.org\">ateneu@ateneuigualadi.org<\/a><\/p>\n<p>&nbsp;<\/p>\n<p><em><strong>Propiedad intelectual e industrial<\/strong><\/em><\/p>\n<p>Los contenidos de este sitio, incluyendo los textos, im\u00e1genes y dise\u00f1os gr\u00e1ficos, pertenecen al Ateneu Igualad\u00ed o a terceros que han autorizado su uso. El Ateneu Igualad\u00ed presenta estos contenidos con fines de informaci\u00f3n y publicidad. Cualquier utilizaci\u00f3n de estos dise\u00f1os, im\u00e1genes o textos deber\u00e1 citar expresamente su pertenencia al Ateneu Igualad\u00ed, que se reserva el derecho a iniciar las acciones legales oportunas para reparar los da\u00f1os y perjuicios causados \u200b\u200bpor cualquier acto que vulnere sus derechos de propiedad intelectual o industrial.<\/p>\n<p>&nbsp;<\/p>\n<p><em><strong>Protecci\u00f3n de datos<\/strong><\/em><\/p>\n<p>Los datos personales que se puedan obtener por medio del formulario de contacto de esta p\u00e1gina o bien por la recepci\u00f3n de correos electr\u00f3nicos son tratados con la m\u00e1xima confidencialidad y s\u00f3lo se utilizar\u00e1n para atender las solicitudes de informaci\u00f3n o consultas.<\/p>\n<p>Los datos obtenidos en el formulario de registro de un nuevo usuario ser\u00e1n incorporados a un fichero creado por el Ateneu Igualad\u00ed o para gestionar las relaciones con sus clientes y hacer un seguimiento de los pedidos. En cualquier momento puede ejercer sus derechos de acceso, rectificaci\u00f3n, oposici\u00f3n al tratamiento y cancelaci\u00f3n dirigi\u00e9ndose al Ateneu Igualad\u00ed de la clase obrera por cualquier medio.[\/vc_column_text][\/vc_column][vc_column width=\u00bb1\/2&#8243;][vc_column_text]<em><strong>Responsabilidad sobre los contenidos<\/strong><\/em><\/p>\n<p>Aunque el Ateneu Igualad\u00ed de la Clase Obrera act\u00faa con la m\u00e1xima diligencia posible, puede darse el caso de que alg\u00fan dato o informaci\u00f3n no est\u00e9 del todo actualizada en el momento que el usuario del sitio web lo consulte. Por eso el Ateneu Igualad\u00ed de la Clase Obrera manifiesta que las referencias de los productos y precios que se presentan en su sitio web tienen una funci\u00f3n orientativa y no obligan al Ateneu Igualad\u00ed en la confirmaci\u00f3n expresa de un pedido.<\/p>\n<p>El Ateneu Igualad\u00ed de la Clase Obrera se reserva el derecho a modificar unilateralmente, en cualquier momento y sin previo aviso, la presentaci\u00f3n, configuraci\u00f3n y contenidos de la web.<\/p>\n<p>El Ateneu Igualad\u00ed de la Clase Obrera no ser\u00e1 responsable de la informaci\u00f3n que se pueda obtener a trav\u00e9s de enlaces incluidos en el sitio.<\/p>\n<p>&nbsp;<\/p>\n<p><em><strong>Utilizaci\u00f3n de cookies<\/strong><\/em><\/p>\n<p>El Ateneu Igualad\u00ed de la Clase Obrera informa que este sitio web utiliza galletas (cookies) en los procesos internos de funcionamiento.<\/p>\n<p>&nbsp;<\/p>\n<p><strong><em>Condiciones de uso<br \/>\n<\/em><\/strong><\/p>\n<p>El uso de este sitio web implica la plena aceptaci\u00f3n de los t\u00e9rminos y condiciones del presente aviso legal. Los posibles conflictos relativos a este web se regir\u00e1n exclusivamente por el derecho del Estado Espa\u00f1ol. Toda persona usuaria del web, independientemente de la jurisdicci\u00f3n territorial des de la cual se produzca el acceso, acepta el cumplimiento y respeto de estas cl\u00e1usulas con renuncia expresa a cualquier otro fuero que le pueda corresponder.[\/vc_column_text][\/vc_column][\/vc_row]\n","protected":false},"excerpt":{"rendered":"<p>[vc_row][vc_column][vc_column_text] Pol\u00edtica de protecci\u00f3n de datos [\/vc_column_text][\/vc_column][\/vc_row][vc_row][vc_column width=\u00bb1\/2&#8243;][vc_column_text]El sitio web y el dominio www.zoomfestival.org corresponden al Ateneu Igualad\u00ed de la Clase Obrera (de ahora en adelante Ateneu Igualad\u00ed) con CIF G-08663478, domicilio a la calle Sant Pau, 9, 08700 Igualada,&hellip;<\/p>\n","protected":false},"author":1,"featured_media":0,"parent":0,"menu_order":0,"comment_status":"closed","ping_status":"open","template":"","meta":{"_mi_skip_tracking":false},"_links":{"self":[{"href":"https:\/\/www.zoomfestival.org\/es\/wp-json\/wp\/v2\/pages\/9581"}],"collection":[{"href":"https:\/\/www.zoomfestival.org\/es\/wp-json\/wp\/v2\/pages"}],"about":[{"href":"https:\/\/www.zoomfestival.org\/es\/wp-json\/wp\/v2\/types\/page"}],"author":[{"embeddable":true,"href":"https:\/\/www.zoomfestival.org\/es\/wp-json\/wp\/v2\/users\/1"}],"replies":[{"embeddable":true,"href":"https:\/\/www.zoomfestival.org\/es\/wp-json\/wp\/v2\/comments?post=9581"}],"version-history":[{"count":2,"href":"https:\/\/www.zoomfestival.org\/es\/wp-json\/wp\/v2\/pages\/9581\/revisions"}],"predecessor-version":[{"id":9585,"href":"https:\/\/www.zoomfestival.org\/es\/wp-json\/wp\/v2\/pages\/9581\/revisions\/9585"}],"wp:attachment":[{"href":"https:\/\/www.zoomfestival.org\/es\/wp-json\/wp\/v2\/media?parent=9581"}],"curies":[{"name":"wp","href":"https:\/\/api.w.org\/{rel}","templated":true}]}}