{"id":9608,"date":"2018-09-06T12:12:22","date_gmt":"2018-09-06T10:12:22","guid":{"rendered":"https:\/\/www.zoomfestival.org\/secciones\/seccions-zoom-2017\/"},"modified":"2018-10-31T13:55:23","modified_gmt":"2018-10-31T12:55:23","slug":"secciones-zoom-2017","status":"publish","type":"page","link":"https:\/\/www.zoomfestival.org\/es\/secciones\/secciones-zoom-2018\/secciones-zoom-2017","title":{"rendered":"SECCIONES ZOOM 2017"},"content":{"rendered":"[vc_row][vc_column][vc_raw_html]JTNDc3BhbiUyMGlkJTNEJTIyc2VjY2lvLW9maWNpYWwlMjIlM0UlM0MlMkZzcGFuJTNF[\/vc_raw_html]<div class=\"vcex-spacing\" style=\"height:60px\"><\/div>[vc_column_text]\n<div class=\"et_pb_column et_pb_column_3_4 et_pb_column_1 et-last-child\">\n<div class=\"et_pb_text et_pb_module et_pb_bg_layout_light et_pb_text_align_left et_pb_text_0\">\n<div class=\"et_pb_text_inner\">\n<h1>Secci\u00f3n oficial 2017<\/h1>\n<\/div>\n<\/div>\n<\/div>\n[\/vc_column_text]<div class=\"vcex-spacing\" style=\"height:32px\"><\/div>[\/vc_column][\/vc_row][vc_row][vc_column]<div class=\"vcex-spacing\" style=\"height:30px\"><\/div><div class=\"vcex-spacing\" style=\"height:60px\"><\/div>[\/vc_column][\/vc_row][vc_row full_width=\u00bbstretch_row_content_no_spaces\u00bb][vc_column]<div class=\"vcex-spacing\" style=\"height:30px\"><\/div>[vc_separator]<div class=\"vcex-spacing\" style=\"height:30px\"><\/div>[\/vc_column][\/vc_row][vc_row][vc_column][vc_raw_html]JTNDc3BhbiUyMGlkJTNEJTIyc2VjY2lvLXpvb20tc2VyaWVzJTIyJTNFJTNDJTJGc3BhbiUzRQ==[\/vc_raw_html]<div class=\"vcex-spacing\" style=\"height:30px\"><\/div>[vc_column_text]\n<h1>Zoom Series 2017<\/h1>\n[\/vc_column_text]<div class=\"vcex-spacing\" style=\"height:30px\"><\/div>[\/vc_column][\/vc_row][vc_row][vc_column]<div class=\"vcex-spacing\" style=\"height:30px\"><\/div><div class=\"vcex-spacing\" style=\"height:60px\"><\/div>[\/vc_column][\/vc_row][vc_row full_width=\u00bbstretch_row_content_no_spaces\u00bb][vc_column]<div class=\"vcex-spacing\" style=\"height:30px\"><\/div>[vc_separator]<div class=\"vcex-spacing\" style=\"height:30px\"><\/div>[\/vc_column][\/vc_row][vc_row][vc_column][vc_raw_html]JTNDc3BhbiUyMGlkJTNEJTIyc2VjY2lvLXpvb20ta2lkcyUyMiUzRSUzQyUyRnNwYW4lM0U=[\/vc_raw_html]<div class=\"vcex-spacing\" style=\"height:30px\"><\/div>[vc_column_text]\n<h1>Zoom Kids 2017<\/h1>\n[\/vc_column_text]<div class=\"vcex-spacing\" style=\"height:30px\"><\/div>[\/vc_column][\/vc_row][vc_row][vc_column]<div class=\"vcex-spacing\" style=\"height:30px\"><\/div><div class=\"vcex-spacing\" style=\"height:60px\"><\/div>[\/vc_column][\/vc_row][vc_row full_width=\u00bbstretch_row_content_no_spaces\u00bb][vc_column]<div class=\"vcex-spacing\" style=\"height:30px\"><\/div>[vc_separator]<div class=\"vcex-spacing\" style=\"height:30px\"><\/div>[\/vc_column][\/vc_row][vc_row][vc_column][vc_raw_html]JTNDc3BhbiUyMGlkJTNEJTIyc2VjY2lvLXpvb20tZXNwZWNpYWwtYXVnYSUyMiUzRSUzQyUyRnNwYW4lM0U=[\/vc_raw_html]<div class=\"vcex-spacing\" style=\"height:30px\"><\/div>[vc_column_text]\n<h1>Zoom Especial Auga 2017<\/h1>\n[\/vc_column_text]<div class=\"vcex-spacing\" style=\"height:30px\"><\/div>[\/vc_column][\/vc_row][vc_row][vc_column]<div class=\"vcex-spacing\" style=\"height:30px\"><\/div><div class=\"vcex-spacing\" style=\"height:60px\"><\/div>[\/vc_column][\/vc_row][vc_row full_width=\u00bbstretch_row_content_no_spaces\u00bb][vc_column]<div class=\"vcex-spacing\" style=\"height:30px\"><\/div>[vc_separator]<div class=\"vcex-spacing\" style=\"height:30px\"><\/div>[\/vc_column][\/vc_row][vc_row][vc_column][vc_raw_html]JTNDc3BhbiUyMGlkJTNEJTIyc2VjY2lvLXpvb20ta20tMCUyMiUzRSUzQyUyRnNwYW4lM0U=[\/vc_raw_html]<div class=\"vcex-spacing\" style=\"height:30px\"><\/div>[vc_column_text]\n<h1>Zoom Km 0 2017<\/h1>\n[\/vc_column_text]<div class=\"vcex-spacing\" style=\"height:30px\"><\/div>[\/vc_column][\/vc_row][vc_row][vc_column]<div class=\"vcex-spacing\" style=\"height:30px\"><\/div><div class=\"vcex-spacing\" style=\"height:60px\"><\/div>[\/vc_column][\/vc_row][vc_row full_width=\u00bbstretch_row_content_no_spaces\u00bb][vc_column]<div class=\"vcex-spacing\" style=\"height:30px\"><\/div>[vc_separator]<div class=\"vcex-spacing\" style=\"height:30px\"><\/div>[\/vc_column][\/vc_row][vc_row][vc_column][vc_raw_html]JTNDc3BhbiUyMGlkJTNEJTIyc2VjY2lvLXpvb20tdHJlbmR5JTIyJTNFJTNDJTJGc3BhbiUzRQ==[\/vc_raw_html]<div class=\"vcex-spacing\" style=\"height:30px\"><\/div>[vc_column_text]\n<h1>Zoom Trendy 2017<\/h1>\n[\/vc_column_text]<div class=\"vcex-spacing\" style=\"height:30px\"><\/div>[\/vc_column][\/vc_row][vc_row][vc_column]<div class=\"vcex-spacing\" style=\"height:30px\"><\/div><div class=\"vcex-spacing\" style=\"height:60px\"><\/div>[\/vc_column][\/vc_row][vc_row full_width=\u00bbstretch_row_content_no_spaces\u00bb][vc_column]<div class=\"vcex-spacing\" style=\"height:30px\"><\/div>[vc_separator]<div class=\"vcex-spacing\" style=\"height:30px\"><\/div>[\/vc_column][\/vc_row][vc_row][vc_column][vc_raw_html]JTNDc3BhbiUyMGlkJTNEJTIyc2VjY2lvLXpvb20tam92ZSUyMiUzRSUzQyUyRnNwYW4lM0U=[\/vc_raw_html]<div class=\"vcex-spacing\" style=\"height:30px\"><\/div>[vc_column_text]\n<h1>Zoom Joven 2017<\/h1>\n[\/vc_column_text]<div class=\"vcex-spacing\" style=\"height:30px\"><\/div>[\/vc_column][\/vc_row][vc_row full_width=\u00bbstretch_row\u00bb][vc_column width=\u00bb1\/3&#8243;][vc_column_text]<span style=\"font-size: 21px;\"><strong>CUCLI<\/strong><\/span><\/p>\n<p><strong>A\u00f1o:<\/strong> 2016<br \/>\n<strong>Pa\u00eds:<\/strong> Espa\u00f1a<br \/>\n<strong>Productora:<\/strong> Nanouk Films, Xavier Marrades<br \/>\n<strong>Director:<\/strong> Xavier Marrades<br \/>\n<strong>Fotograf\u00eda:<\/strong> Oriol Colomar<br \/>\n<strong>Direcci\u00f3n art\u00edstica:<\/strong> Daniel Dou<br \/>\n<strong>Montaje:<\/strong> Xavier Marrades<br \/>\n<strong>Sonido:<\/strong> Sergi Nogu\u00e9, Alejandro Castillo<br \/>\n<strong>Idioma original:<\/strong> Catal\u00e1n<br \/>\n<strong>G\u00e9nero:<\/strong> Documental<br \/>\n<strong>Duraci\u00f3n:<\/strong> 17\u2019<\/p>\n<p><em>Ramon vive con sus padres aunque la mayor parte de la semana se la pasa fuera de casa trabajando como camionero. Sus viajes son largos y solitarios hasta que encuentra una compa\u00f1era muy especial que lo cambia todo.<\/em>[\/vc_column_text][\/vc_column][vc_column width=\u00bb1\/3&#8243;][vc_column_text]<span style=\"font-size: 21px;\"><strong>LES NENES BONES<\/strong><\/span><\/p>\n<p><strong>A\u00f1o:<\/strong> 2016<br \/>\n<strong>Pa\u00eds:<\/strong> Espa\u00f1a<br \/>\n<strong>Productora:<\/strong> Lastor Media<br \/>\n<strong>Direcci\u00f3n:<\/strong> Clara Roquet<br \/>\n<strong>Gui\u00f3n:<\/strong> Edu Sola<br \/>\n<strong>Fotograf\u00eda:<\/strong> Gris Jordana<br \/>\n<strong>Montaje:<\/strong> Juliana Monta\u00f1\u00e9s, Clara Roquet<br \/>\n<strong>Idioma:<\/strong> Catal\u00e1n<br \/>\n<strong>Int\u00e9rpretes:<\/strong> N\u00eddia Chamorro, Ona Comas, Marta Marco, Ernest Villegas, Jordi Pla<br \/>\n<strong>G\u00e9nero:<\/strong> Drama<br \/>\n<strong>Duraci\u00f3n:<\/strong> 16\u2019<\/p>\n<p><em>Los padres de J\u00falia y Paula siempre han criado caballos. Las ni\u00f1as se pasaron la infancia jugando juntas dentro del establo, pero la adolescencia ha dinamitado su relaci\u00f3n.<br \/>\n<\/em>[\/vc_column_text][\/vc_column][vc_column width=\u00bb1\/3&#8243;][vc_column_text]<span style=\"font-size: 21px;\"><strong>TIME LAPSE<\/strong><\/span><\/p>\n<p><strong>A\u00f1o:<\/strong> 2017<br \/>\n<strong>Pa\u00eds:<\/strong> Espa\u00f1a<br \/>\n<strong>Productora:<\/strong> Entropel Teatro<br \/>\n<strong>Director:<\/strong> Christian Avil\u00e9s<br \/>\n<strong>Gui\u00f3n:<\/strong> Alejandro Parra<br \/>\n<strong>Fotograf\u00eda:<\/strong> Lali Rubio<br \/>\n<strong>Montaje:<\/strong> Christian Avil\u00e9s<br \/>\n<strong>Idioma original:<\/strong> Castellano<br \/>\n<strong>Int\u00e9rpretes:<\/strong> Thais Blume, Oscar Boix, Miguel Garc\u00eda<br \/>\n<strong>G\u00e9nero:<\/strong> Ciencia ficci\u00f3n<br \/>\n<strong>Duraci\u00f3n:<\/strong> 1\u201920\u201d<\/p>\n<p><em>Ten cuidado con lo que deseas.<\/em>[\/vc_column_text][\/vc_column][\/vc_row][vc_row][vc_column]<div class=\"vcex-spacing\" style=\"height:30px\"><\/div>[\/vc_column][\/vc_row][vc_row][vc_column width=\u00bb1\/3&#8243;][vc_column_text]<span style=\"font-size: 21px;\"><strong>IDENTITY PARADE<\/strong><\/span><\/p>\n<p><strong>A\u00f1o:<\/strong> 2017<br \/>\n<strong>Pa\u00eds:<\/strong> Espa\u00f1a<br \/>\n<strong>Director:<\/strong> Gerard Freixes Ribera<br \/>\n<strong>Fotograf\u00eda:<\/strong> Im\u00e1genes de archivo<br \/>\n<strong>Sonido:<\/strong> Xevi Estudio<br \/>\n<strong>Idioma original:<\/strong> Ingl\u00e9s<br \/>\n<strong>Int\u00e9rpretes:<\/strong> Im\u00e1genes de archivo con Ida Lupino, John Bryant, Yvette Mimieux, Ronald Colman.<br \/>\n<strong>G\u00e9nero:<\/strong> Experimental<br \/>\n<strong>Duraci\u00f3n:<\/strong> 4\u2019<\/p>\n<p><em>Drew se ha escapado y est\u00e1 asediando a Melinda, pero, \u00bfqui\u00e9n se esconde detr\u00e1s de la m\u00e1scara? Pel\u00edcula realizada a partir de material de archivo.<\/em>[\/vc_column_text][\/vc_column][vc_column width=\u00bb1\/3&#8243;][vc_column_text]<span style=\"font-size: 21px;\"><strong>ROL<\/strong><\/span><\/p>\n<p><strong>A\u00f1o:<\/strong> 2017<br \/>\n<strong>Pa\u00eds:<\/strong> Espa\u00f1a<br \/>\n<strong>Productora:<\/strong> Coming Soon Films<br \/>\n<strong>Director:<\/strong> Hammudi Al- Rahmoun Font<br \/>\n<strong>Gui\u00f3n:<\/strong> Hammudi Al- Rahmoun Font<br \/>\n<strong>Fotograf\u00eda:<\/strong> Andreu Adam Rubiralta<br \/>\n<strong>Montaje:<\/strong> Jaume Mart\u00ed<br \/>\n<strong>Idioma original:<\/strong> Castellano<br \/>\n<strong>Int\u00e9rpretes:<\/strong> Alba Jose, Hammudi Al-Rahmoun Font, Marc Clotet<br \/>\n<strong>G\u00e9nero:<\/strong> Drama<br \/>\n<strong>Duraci\u00f3n:<\/strong> 13\u2019 30\u2019\u2019<\/p>\n<p><em>Exterior. Pol\u00edgono industrial. Noche. En un encuentro con una prostituta, Martin decide jugar con ella a un juego morboso donde nada es lo que parece. Y esto siempre es peligroso.<\/em>[\/vc_column_text][\/vc_column][vc_column width=\u00bb1\/3&#8243;][vc_column_text]<span style=\"font-size: 21px;\"><strong>IHESA<\/strong><\/span><\/p>\n<p><strong>A\u00f1o:<\/strong> 2016<br \/>\n<strong>Pa\u00eds:<\/strong> Espa\u00f1a<br \/>\n<strong>Productora:<\/strong> Se\u00f1or y Se\u00f1ora, Leire Apellaniz<br \/>\n<strong>Director:<\/strong> Alejandro D\u00edaz Casta\u00f1o<br \/>\n<strong>Gui\u00f3n:<\/strong> Alejandro D\u00edaz Casta\u00f1o<br \/>\n<strong>Fotograf\u00eda:<\/strong> Javier Agirre Erauso<br \/>\n<strong>Montaje:<\/strong> Aritz Moreno<br \/>\n<strong>M\u00fasica:<\/strong> Koldo Soret<br \/>\n<strong>Idioma original:<\/strong> Euskera<br \/>\n<strong>Int\u00e9rpretes:<\/strong> Koldo Soret, Usua de la Fuente, Maria Elorza, Maider Fernandez, Laura Fla\u00f1o<br \/>\n<strong>G\u00e9nero:<\/strong> Drama<br \/>\n<strong>Duraci\u00f3n:<\/strong> 15\u2019<\/p>\n<p><em>Cuando Maitane informa a su marido Iosu sobre una <\/em><em>gotera procedente del piso de encima, este decide subir para plantear la cuesti\u00f3n a sus vecinos. Pero la visita dar\u00e1 a Iosu sorpresas inesperadas.<\/em>[\/vc_column_text][\/vc_column][\/vc_row][vc_row][vc_column]<div class=\"vcex-spacing\" style=\"height:30px\"><\/div>[\/vc_column][\/vc_row][vc_row][vc_column][vc_column_text]<span style=\"font-size: 21px;\"><strong>EL ATRACO<\/strong><\/span><\/p>\n<p><strong>A\u00f1o:<\/strong> 2016<br \/>\n<strong>Pa\u00eds:<\/strong> Espa\u00f1a<br \/>\n<strong>Productora:<\/strong> Alfonso D\u00edaz P.C., Jes\u00fas Soria P.C &amp; Summer Films<br \/>\n<strong>Director:<\/strong> Alfonso D\u00edaz<br \/>\n<strong>Gui\u00f3n:<\/strong> Santiago Pajares<br \/>\n<strong>Fotograf\u00eda:<\/strong> Luis \u00c1ngel P\u00e9rez<br \/>\n<strong>Montaje:<\/strong> Alfonso D\u00edaz<br \/>\n<strong>Idioma original:<\/strong> Castellano<br \/>\n<strong>Int\u00e9rpretes:<\/strong> Juanma Lara, Aitor Merino, Adri\u00e1n L\u00f3pez, Jes\u00fas Soria, Jes\u00fas Monroy, Julen P\u00e9rez, Maria Teresa Gavil\u00e1n, Julio Arnau.<br \/>\n<strong>G\u00e9nero:<\/strong> Comedia<br \/>\n<strong>Duraci\u00f3n:<\/strong> 9\u2019 53\u2019\u2019<\/p>\n<p><em>\u00bfQu\u00e9 puede ocurrir cuando la crisis llega a su apogeo y haya m\u00e1s atracadores en las tabernas?<\/em>[\/vc_column_text][\/vc_column][\/vc_row][vc_row full_width=\u00bbstretch_row_content_no_spaces\u00bb][vc_column]<div class=\"vcex-spacing\" style=\"height:60px\"><\/div>[vc_separator]<div class=\"vcex-spacing\" style=\"height:30px\"><\/div>[\/vc_column][\/vc_row]\n","protected":false},"excerpt":{"rendered":"<p>[vc_row][vc_column][vc_raw_html]JTNDc3BhbiUyMGlkJTNEJTIyc2VjY2lvLW9maWNpYWwlMjIlM0UlM0MlMkZzcGFuJTNF[\/vc_raw_html][vc_column_text] Secci\u00f3n oficial 2017 [\/vc_column_text][\/vc_column][\/vc_row][vc_row][vc_column][\/vc_column][\/vc_row][vc_row full_width=\u00bbstretch_row_content_no_spaces\u00bb][vc_column][vc_separator][\/vc_column][\/vc_row][vc_row][vc_column][vc_raw_html]JTNDc3BhbiUyMGlkJTNEJTIyc2VjY2lvLXpvb20tc2VyaWVzJTIyJTNFJTNDJTJGc3BhbiUzRQ==[\/vc_raw_html][vc_column_text] Zoom Series 2017 [\/vc_column_text][\/vc_column][\/vc_row][vc_row][vc_column][\/vc_column][\/vc_row][vc_row full_width=\u00bbstretch_row_content_no_spaces\u00bb][vc_column][vc_separator][\/vc_column][\/vc_row][vc_row][vc_column][vc_raw_html]JTNDc3BhbiUyMGlkJTNEJTIyc2VjY2lvLXpvb20ta2lkcyUyMiUzRSUzQyUyRnNwYW4lM0U=[\/vc_raw_html][vc_column_text] Zoom Kids 2017 [\/vc_column_text][\/vc_column][\/vc_row][vc_row][vc_column][\/vc_column][\/vc_row][vc_row full_width=\u00bbstretch_row_content_no_spaces\u00bb][vc_column][vc_separator][\/vc_column][\/vc_row][vc_row][vc_column][vc_raw_html]JTNDc3BhbiUyMGlkJTNEJTIyc2VjY2lvLXpvb20tZXNwZWNpYWwtYXVnYSUyMiUzRSUzQyUyRnNwYW4lM0U=[\/vc_raw_html][vc_column_text] Zoom Especial Auga 2017 [\/vc_column_text][\/vc_column][\/vc_row][vc_row][vc_column][\/vc_column][\/vc_row][vc_row full_width=\u00bbstretch_row_content_no_spaces\u00bb][vc_column][vc_separator][\/vc_column][\/vc_row][vc_row][vc_column][vc_raw_html]JTNDc3BhbiUyMGlkJTNEJTIyc2VjY2lvLXpvb20ta20tMCUyMiUzRSUzQyUyRnNwYW4lM0U=[\/vc_raw_html][vc_column_text] Zoom Km 0 2017 [\/vc_column_text][\/vc_column][\/vc_row][vc_row][vc_column][\/vc_column][\/vc_row][vc_row full_width=\u00bbstretch_row_content_no_spaces\u00bb][vc_column][vc_separator][\/vc_column][\/vc_row][vc_row][vc_column][vc_raw_html]JTNDc3BhbiUyMGlkJTNEJTIyc2VjY2lvLXpvb20tdHJlbmR5JTIyJTNFJTNDJTJGc3BhbiUzRQ==[\/vc_raw_html][vc_column_text] Zoom Trendy 2017 [\/vc_column_text][\/vc_column][\/vc_row][vc_row][vc_column][\/vc_column][\/vc_row][vc_row full_width=\u00bbstretch_row_content_no_spaces\u00bb][vc_column][vc_separator][\/vc_column][\/vc_row][vc_row][vc_column][vc_raw_html]JTNDc3BhbiUyMGlkJTNEJTIyc2VjY2lvLXpvb20tam92ZSUyMiUzRSUzQyUyRnNwYW4lM0U=[\/vc_raw_html][vc_column_text] Zoom Joven 2017 [\/vc_column_text][\/vc_column][\/vc_row][vc_row full_width=\u00bbstretch_row\u00bb][vc_column width=\u00bb1\/3&#8243;][vc_column_text]CUCLI A\u00f1o:&hellip;<\/p>\n","protected":false},"author":2,"featured_media":0,"parent":9573,"menu_order":0,"comment_status":"closed","ping_status":"closed","template":"","meta":{"_mi_skip_tracking":false},"_links":{"self":[{"href":"https:\/\/www.zoomfestival.org\/es\/wp-json\/wp\/v2\/pages\/9608"}],"collection":[{"href":"https:\/\/www.zoomfestival.org\/es\/wp-json\/wp\/v2\/pages"}],"about":[{"href":"https:\/\/www.zoomfestival.org\/es\/wp-json\/wp\/v2\/types\/page"}],"author":[{"embeddable":true,"href":"https:\/\/www.zoomfestival.org\/es\/wp-json\/wp\/v2\/users\/2"}],"replies":[{"embeddable":true,"href":"https:\/\/www.zoomfestival.org\/es\/wp-json\/wp\/v2\/comments?post=9608"}],"version-history":[{"count":2,"href":"https:\/\/www.zoomfestival.org\/es\/wp-json\/wp\/v2\/pages\/9608\/revisions"}],"predecessor-version":[{"id":9610,"href":"https:\/\/www.zoomfestival.org\/es\/wp-json\/wp\/v2\/pages\/9608\/revisions\/9610"}],"up":[{"embeddable":true,"href":"https:\/\/www.zoomfestival.org\/es\/wp-json\/wp\/v2\/pages\/9573"}],"wp:attachment":[{"href":"https:\/\/www.zoomfestival.org\/es\/wp-json\/wp\/v2\/media?parent=9608"}],"curies":[{"name":"wp","href":"https:\/\/api.w.org\/{rel}","templated":true}]}}