{"id":9612,"date":"2018-07-10T15:25:06","date_gmt":"2018-07-10T13:25:06","guid":{"rendered":"https:\/\/www.zoomfestival.org\/el-festival\/bases-showcase\/"},"modified":"2022-10-17T11:06:06","modified_gmt":"2022-10-17T09:06:06","slug":"bases-showcase-esp","status":"publish","type":"page","link":"https:\/\/www.zoomfestival.org\/es\/el-festival\/bases-showcase-esp","title":{"rendered":"Bases Showcase"},"content":{"rendered":"[vc_row full_width=\u00bbstretch_row_content_no_spaces\u00bb][vc_column][rev_slider_vc alias=\u00bbshowcase-bases\u00bb][\/vc_column][\/vc_row][vc_row full_width=\u00bbstretch_row\u00bb][vc_column width=\u00bb1\/4&#8243;][vc_single_image image=\u00bb1319&#8243;]<div class=\"vcex-spacing\" style=\"height:20px\"><\/div>[\/vc_column][vc_column width=\u00bb3\/4&#8243;][vc_column_text]\n<h2 style=\"text-align: left;\">El Showcase de Pilotos de Ficci\u00f3n es una apuesta para dar visibilidad y proyecci\u00f3n al talento emergente en el campo de las series y las webseries.<\/h2>\n[\/vc_column_text][\/vc_column][\/vc_row][vc_row][vc_column]<div class=\"vcex-spacing\" style=\"height:60px\"><\/div>[\/vc_column][\/vc_row][vc_row][vc_column][vc_column_text]\n<h1>Bases Generales de Participaci\u00f3n Showcase Pilotos de ficci\u00f3n 2022<\/h1>\n[\/vc_column_text]<div class=\"vcex-spacing\" style=\"height:32px\"><\/div>[\/vc_column][\/vc_row][vc_row][vc_column][vc_column_text]\n<ul>\n<li>El Showcase de Pilotos de Ficci\u00f3n es un certamen que da visibilidad y proyecci\u00f3n al talento emergente de la creaci\u00f3n de series y webseries.<\/li>\n<li>Una idea de Serielizados y organizado conjuntamente con el Zoom Festival Internacional de Continguts Audiovisuals de Catalunya, Formats TV &#038; Internet.<\/li>\n<li>Tras 8 ediciones de \u00e9xito, la 9\u00aa edici\u00f3n contar\u00e1 por segundo a\u00f1o consecutivo con la proyecci\u00f3n de los finalistas en Filmin durante el Serielizados Fest. Y se mantienen las proyecciones en Barcelona y Madrid (Serielizados Fest), y los ganadores en Igualada (Zoom Festival).<\/li>\n<\/ul>\n<p>Una selecci\u00f3n de pilotos de series y webseries ser\u00e1 proyectada en el Serielizados Fest (18 \u2013 23 de octubre en Barcelona y 25-29 de Octubre en Madrid) y en Igualada, en colaboraci\u00f3n con Zoom Festival (22 &#8211; 27 de noviembre).<\/p>\n<p>Se dar\u00e1n dos premios (con aportaciones en met\u00e1lico); uno, otorgado por un jurado de profesionales del audiovisual, y el otro, otorgado por las votaciones del p\u00fablico, ser\u00e1n anunciados en la Gala de Clausura del Festival Zoom en Igualada.<\/p>\n<p>Los dos ganadores ser\u00e1n anunciados en la Gala de Clausura del Festival Zoom, en Igualada. Y ser\u00e1n proyectados tambi\u00e9n en el festival.<\/p>\n<p>* En el caso de no poder realizarse de forma presencial, a causa del COVID-19, se llevar\u00e1 a cabo de manera online a trav\u00e9s de la plataforma del festival. Con el patrocinio de DAMA, la entidad de gesti\u00f3n de Derechos de Autor de Medios Audiovisuales.<\/p>\n[\/vc_column_text]<h3 class=\"vcex-module vcex-heading vcex-heading-plain vc_custom_1620317022730\" style=\"font-weight:700;\"><span class=\"vcex-heading-inner clr\">Condiciones Generales<\/span><\/h3>[vc_column_text]\n<p>Para participar en el 9\u00ba Showcase de Pilotos de Ficci\u00f3n, los pilotos deber\u00e1n cumplir los siguientes requisitos:<\/p>\n<ul>\n<li>Se aceptan proyectos rodados en Espa\u00f1a.<\/li>\n<li>Por cap\u00edtulo piloto se entiende el \u2018cap\u00edtulo teaser\u2019 o primer cap\u00edtulo de la serie o webserie.<\/li>\n<li>Los pilotos con m\u00e1s de una temporada rodada no podr\u00e1n ser considerados para la selecci\u00f3n.<\/li>\n<li>En caso de que el idioma original no sea castellano, los productores se comprometen a incluir subt\u00edtulos en castellano para la proyecci\u00f3n p\u00fablica, en caso de ser seleccionado. <\/li>\n<li>La duraci\u00f3n m\u00e1xima no podr\u00e1 ser mayor a 35 minutos.<\/li>\n<li>Se aceptan pilotos emitidos en televisiones locales o Internet.<\/li>\n<li>Se aceptan pilotos de ficci\u00f3n, animaci\u00f3n o documental.<\/li>\n<li>No ser\u00e1n admitidos pilotos producidos por una televisi\u00f3n estatal y\/o auton\u00f3mica.<\/li>\n<li>No ser\u00e1n admitidos pilotos que en el momento de la presentaci\u00f3n al Showcase, tengan contrato de emisi\u00f3n por televisi\u00f3n en una televisi\u00f3n estatal y\/o auton\u00f3mica.<\/li>\n<li>Podr\u00e1n concurrir escuelas de cine, universidades, personas f\u00edsicas y jur\u00eddicas que acrediten la autor\u00eda de la obra presentada.<\/li>\n<li>Los pilotos seleccionados en el Showcase de Pilotos de Ficci\u00f3n autorizan a las entidades que lo organizan la utilizaci\u00f3n de un fragmento o varios fragmentos de su obra para su difusi\u00f3n como material informativo en cualquier medio de comunicaci\u00f3n sin l\u00edmite temporal. Que nunca puede representar m\u00e1s de un 10% de la obra.<\/li>\n<\/ul>\n[\/vc_column_text][\/vc_column][\/vc_row][vc_row][vc_column]<h3 class=\"vcex-module vcex-heading vcex-heading-plain vc_custom_1620317175251\" style=\"font-weight:700;\"><span class=\"vcex-heading-inner clr\">Plazo de presentaci\u00f3n e Inscripci\u00f3n<\/span><\/h3>[vc_column_text]\n<p>Se aceptar\u00e1n pilotos hasta las 23:59h del 9 de Septiembre de 2022.<\/p>\n<p>La inscripci\u00f3n se puede formalizar a trav\u00e9s del portal Festhome, <a href=\"https:\/\/filmmakers.festhome.com\/f\/3990\" rel=\"noopener noreferrer\" target=\"_blank\"><strong>en este enlace<\/strong><\/a>, y tiene un coste de 10\u20ac.<\/p>\n[\/vc_column_text][\/vc_column][\/vc_row][vc_row][vc_column]<h3 class=\"vcex-module vcex-heading vcex-heading-plain vc_custom_1620317220099\" style=\"font-weight:700;\"><span class=\"vcex-heading-inner clr\">Documentaci\u00f3n (si el piloto ha sido seleccionado)<\/span><\/h3>[vc_column_text]\n<p>La organizaci\u00f3n avisar\u00e1 el 16 de septiembre a los participantes que hayan sido seleccionados para participar en el Showcase a trav\u00e9s de la persona de contacto que figure en Festhome.<\/p>\n<p>Los pilotos seleccionados deber\u00e1n proporcionar un cartel de la serie y un archivo de v\u00eddeo en FULL HD en formato .mov y codificado en H264.<\/p>\n<p>Los pilotos seleccionados se proyectar\u00e1n en el apartado del Showcase en el Serielizados Fest (Barcelona, Madrid y Online \u2013 Octubre) y en Igualada (Noviembre).<\/p>\n<p>* En el caso de no poder realizarse de forma presencial, a causa del COVID-19, se llevar\u00e1 a cabo de manera online a trav\u00e9s de la plataforma del festival.<\/p>\n[\/vc_column_text][\/vc_column][\/vc_row][vc_row][vc_column]<h3 class=\"vcex-module vcex-heading vcex-heading-plain vc_custom_1620317244323\" style=\"font-weight:700;\"><span class=\"vcex-heading-inner clr\">Premios<\/span><\/h3>[vc_column_text]\n<p>Habr\u00e1 dos premios en met\u00e1lico, que ser\u00e1n anunciados y entregados en la gala de Clausura del Zoom Festival en Igualada: el premio del jurado y el premio del p\u00fablico.<\/p>\n<ul>\n<li><strong>El Premio del Jurado DAMA<\/strong>, valorado en 1500\u20ac, ser\u00e1 decidido por un jurado formado por profesionales del audiovisual y siendo su decisi\u00f3n inapelable.<\/li>\n<li><strong>El Premio del P\u00fablico<\/strong>, valorado en 300\u20ac, ser\u00e1 para el piloto que obtenga m\u00e1s n\u00famero de votos de la audiencia en Barcelona, Madrid y en Igualada. (* En el caso de no poder realizarse de forma presencial, a causa del COVID-19, se llevar\u00e1 a cabo de manera online a trav\u00e9s de la plataforma del festival.)<\/li>\n<\/ul>\n<p>Los premios podr\u00e1n declararse ex aequo con divisi\u00f3n econ\u00f3mica. Y en ning\u00fan caso los premios podr\u00e1n declararse desiertos.<\/p>\n<p><strong>Premio para todos los finalistas con Serielizados Fest:<\/strong> Todos los finalistas tendr\u00e1n un pack de entradas para asistir al festival en Barcelona.<\/p>\n<p><strong>Premio para todos los finalistas con Festival Zoom (Igualada):<\/strong> Todos los finalistas tendr\u00e1n un pack de entradas para asistir a las proyecciones y a la Gala de Clausura del Festival Zoom.<\/p>\n[\/vc_column_text][\/vc_column][\/vc_row][vc_row][vc_column]<h3 class=\"vcex-module vcex-heading vcex-heading-plain vc_custom_1620317342179\" style=\"font-weight:700;\"><span class=\"vcex-heading-inner clr\">Selecci\u00f3n y jurado<\/span><\/h3>[vc_column_text]\n<p>La selecci\u00f3n correr\u00e1 a cargo de los organizadores y la decisi\u00f3n es inapelable.<br \/>\nEl Jurado estar\u00e1 formado por profesionales del audiovisual tales como guionistas, productores, televisiones y cr\u00edticos.<\/p>\n<p>En ediciones anteriores, el jurado ha estado formado por Patricia Alonso (Playz), Mafalda Gonz\u00e1lez-Alegre (Atresmedia Corporaci\u00f3n), Elodie Mellado (Filmin), Conxa Orea (TV3), productores como P\u00edo Vernis (Brutal Media) o Bernat El\u00edas (Mediapro) o guionistas como Marc Crehuet, Jose A P\u00e9rez o Pablo Lara.\n<\/p>\n[\/vc_column_text][\/vc_column][\/vc_row][vc_row][vc_column]<h3 class=\"vcex-module vcex-heading vcex-heading-plain vc_custom_1620317353041\" style=\"font-weight:700;\"><span class=\"vcex-heading-inner clr\">Observaciones<\/span><\/h3>[vc_column_text]\n<p>Se puede presentar un proyecto \u2018work in progress\u2019 si est\u00e1 muy avanzado el montaje  y se tiene la certeza de que se enviar\u00e1 la versi\u00f3n definitiva del cap\u00edtulo a los organizadores del Showcase antes del 19 de Septiembre a las 23:59h. (Se tiene que notificar en la plataforma que la versi\u00f3n es un \u2018work in progress\u2019).<\/p>\n<p>Los premios de la categor\u00eda a concurso no podr\u00e1n, en ning\u00fan caso, declararse desiertos.<\/p>\n<p>Los participantes seleccionados tendr\u00e1n la oportunidad de conversar personalmente 10 minutos con cada miembro del jurado, en la secci\u00f3n \u2018Meet the Expert\u2019 dentro del Serielizados Fest en Barcelona, para fomentar el networking y las posibles sinergias.<\/p>\n<p>La organizaci\u00f3n se reserva el derecho de seleccionar alguno de los pilotos presentados y no finalistas, para participar en el \u2018Meet the Expert\u2019.<\/p>\n[\/vc_column_text][\/vc_column][\/vc_row][vc_row][vc_column]<h3 class=\"vcex-module vcex-heading vcex-heading-plain vc_custom_1620317391851\" style=\"font-weight:700;\"><span class=\"vcex-heading-inner clr\">Disposiciones Adicionales<\/span><\/h3>[vc_column_text]Estas bases de participaci\u00f3n podr\u00e1n ser cumplimentadas con anterioridad a la fecha de inicio del Showcase y previa comunicaci\u00f3n a las partes interesadas con tantos anexos como la organizaci\u00f3n crea oportuno.<\/p>\n<p>La inscripci\u00f3n de un piloto en el Showcase supone la aceptaci\u00f3n y cumplimiento de las presentes bases de participaci\u00f3n y sus posibles anexos.<\/p>\n<p>Para cualquier duda: <a href=\"mailto:showcase@serielizados.com\" rel=\"noopener noreferrer\" target=\"_blank\">showcase@serielizados.com<\/a><br \/>\n[\/vc_column_text][\/vc_column][\/vc_row][vc_row][vc_column]<div class=\"vcex-spacing hidden-phone\" style=\"height:80px\"><\/div>[\/vc_column][\/vc_row][vc_row full_width=\u00bbstretch_row\u00bb css=\u00bb.vc_custom_1620317417370{border-top-width: 1px !important;border-bottom-width: 1px !important;border-top-color: #383838 !important;border-bottom-color: #383838 !important;}\u00bb][vc_column][vc_widget_sidebar sidebar_id=\u00bbcaixesbotons\u00bb][\/vc_column][\/vc_row]\n","protected":false},"excerpt":{"rendered":"<p>[vc_row full_width=\u00bbstretch_row_content_no_spaces\u00bb][vc_column][rev_slider_vc alias=\u00bbshowcase-bases\u00bb][\/vc_column][\/vc_row][vc_row full_width=\u00bbstretch_row\u00bb][vc_column width=\u00bb1\/4&#8243;][vc_single_image image=\u00bb1319&#8243;][\/vc_column][vc_column width=\u00bb3\/4&#8243;][vc_column_text] El Showcase de Pilotos de Ficci\u00f3n es una apuesta para dar visibilidad y proyecci\u00f3n al talento emergente en el campo de las series y las webseries. [\/vc_column_text][\/vc_column][\/vc_row][vc_row][vc_column][\/vc_column][\/vc_row][vc_row][vc_column][vc_column_text] Bases Generales de Participaci\u00f3n Showcase Pilotos&hellip;<\/p>\n","protected":false},"author":2,"featured_media":0,"parent":9067,"menu_order":0,"comment_status":"closed","ping_status":"closed","template":"templates\/no-sidebar.php","meta":{"_mi_skip_tracking":false},"_links":{"self":[{"href":"https:\/\/www.zoomfestival.org\/es\/wp-json\/wp\/v2\/pages\/9612"}],"collection":[{"href":"https:\/\/www.zoomfestival.org\/es\/wp-json\/wp\/v2\/pages"}],"about":[{"href":"https:\/\/www.zoomfestival.org\/es\/wp-json\/wp\/v2\/types\/page"}],"author":[{"embeddable":true,"href":"https:\/\/www.zoomfestival.org\/es\/wp-json\/wp\/v2\/users\/2"}],"replies":[{"embeddable":true,"href":"https:\/\/www.zoomfestival.org\/es\/wp-json\/wp\/v2\/comments?post=9612"}],"version-history":[{"count":8,"href":"https:\/\/www.zoomfestival.org\/es\/wp-json\/wp\/v2\/pages\/9612\/revisions"}],"predecessor-version":[{"id":20472,"href":"https:\/\/www.zoomfestival.org\/es\/wp-json\/wp\/v2\/pages\/9612\/revisions\/20472"}],"up":[{"embeddable":true,"href":"https:\/\/www.zoomfestival.org\/es\/wp-json\/wp\/v2\/pages\/9067"}],"wp:attachment":[{"href":"https:\/\/www.zoomfestival.org\/es\/wp-json\/wp\/v2\/media?parent=9612"}],"curies":[{"name":"wp","href":"https:\/\/api.w.org\/{rel}","templated":true}]}}